{"id":48,"date":"2025-09-02T09:07:52","date_gmt":"2025-09-02T07:07:52","guid":{"rendered":"https:\/\/wheninbarcelona.adrirodrigoa1.es\/?page_id=48"},"modified":"2025-09-10T19:35:58","modified_gmt":"2025-09-10T17:35:58","slug":"om-oss","status":"publish","type":"page","link":"https:\/\/wheninbarcelona.adrirodrigoa1.es\/en\/om-oss\/","title":{"rendered":"ABOUT US"},"content":{"rendered":"<div data-elementor-type=\"wp-page\" data-elementor-id=\"48\" class=\"elementor elementor-48\" data-elementor-post-type=\"page\">\n\t\t\t\t\t\t<section class=\"elementor-section elementor-top-section elementor-element elementor-element-93f2641 elementor-section-height-min-height elementor-section-boxed elementor-section-height-default elementor-section-items-middle\" data-id=\"93f2641\" data-element_type=\"section\" data-e-type=\"section\" data-settings=\"{&quot;background_background&quot;:&quot;classic&quot;}\">\n\t\t\t\t\t\t\t<div class=\"elementor-background-overlay\"><\/div>\n\t\t\t\t\t\t\t<div class=\"elementor-container elementor-column-gap-default\">\n\t\t\t\t\t<div class=\"elementor-column elementor-col-100 elementor-top-column elementor-element elementor-element-6320ca74\" data-id=\"6320ca74\" data-element_type=\"column\" data-e-type=\"column\">\n\t\t\t<div class=\"elementor-widget-wrap elementor-element-populated\">\n\t\t\t\t\t\t<section class=\"elementor-section elementor-inner-section elementor-element elementor-element-629b7ca5 elementor-section-boxed elementor-section-height-default elementor-section-height-default\" data-id=\"629b7ca5\" data-element_type=\"section\" data-e-type=\"section\">\n\t\t\t\t\t\t<div class=\"elementor-container elementor-column-gap-default\">\n\t\t\t\t\t<div class=\"elementor-column elementor-col-50 elementor-inner-column elementor-element elementor-element-5e963705 animated-fast elementor-invisible\" data-id=\"5e963705\" data-element_type=\"column\" data-e-type=\"column\" data-settings=\"{&quot;animation&quot;:&quot;fadeIn&quot;}\">\n\t\t\t<div class=\"elementor-widget-wrap elementor-element-populated\">\n\t\t\t\t\t\t<div class=\"elementor-element elementor-element-595da738 elementor-widget elementor-widget-heading\" data-id=\"595da738\" data-element_type=\"widget\" data-e-type=\"widget\" data-widget_type=\"heading.default\">\n\t\t\t\t<div class=\"elementor-widget-container\">\n\t\t\t\t\t<h1 class=\"elementor-heading-title elementor-size-default\">ABOUT US<\/h1>\t\t\t\t<\/div>\n\t\t\t\t<\/div>\n\t\t\t\t<div class=\"elementor-element elementor-element-7f311dc9 elementor-widget__width-auto elementor-widget elementor-widget-heading\" data-id=\"7f311dc9\" data-element_type=\"widget\" data-e-type=\"widget\" data-widget_type=\"heading.default\">\n\t\t\t\t<div class=\"elementor-widget-container\">\n\t\t\t\t\t<h2 class=\"elementor-heading-title elementor-size-default\">CONTACT US<\/h2>\t\t\t\t<\/div>\n\t\t\t\t<\/div>\n\t\t\t\t\t<\/div>\n\t\t<\/div>\n\t\t\t\t<div class=\"elementor-column elementor-col-50 elementor-inner-column elementor-element elementor-element-720ebb6e elementor-hidden-phone\" data-id=\"720ebb6e\" data-element_type=\"column\" data-e-type=\"column\">\n\t\t\t<div class=\"elementor-widget-wrap\">\n\t\t\t\t\t\t\t<\/div>\n\t\t<\/div>\n\t\t\t\t\t<\/div>\n\t\t<\/section>\n\t\t\t\t\t<\/div>\n\t\t<\/div>\n\t\t\t\t\t<\/div>\n\t\t<\/section>\n\t\t\t\t<section class=\"elementor-section elementor-top-section elementor-element elementor-element-abd5676 elementor-section-full_width animated-fast elementor-section-height-default elementor-section-height-default\" data-id=\"abd5676\" data-element_type=\"section\" data-e-type=\"section\" data-settings=\"{&quot;background_background&quot;:&quot;classic&quot;,&quot;animation&quot;:&quot;none&quot;}\">\n\t\t\t\t\t\t\t<div class=\"elementor-background-overlay\"><\/div>\n\t\t\t\t\t\t\t<div class=\"elementor-container elementor-column-gap-default\">\n\t\t\t\t\t<div class=\"elementor-column elementor-col-100 elementor-top-column elementor-element elementor-element-7311288\" data-id=\"7311288\" data-element_type=\"column\" data-e-type=\"column\" data-settings=\"{&quot;background_background&quot;:&quot;classic&quot;}\">\n\t\t\t<div class=\"elementor-widget-wrap elementor-element-populated\">\n\t\t\t\t\t\t<div class=\"elementor-element elementor-element-fe73604 elementor-widget elementor-widget-qi_addons_for_elementor_text_marquee\" data-id=\"fe73604\" data-element_type=\"widget\" data-e-type=\"widget\" data-widget_type=\"qi_addons_for_elementor_text_marquee.default\">\n\t\t\t\t<div class=\"elementor-widget-container\">\n\t\t\t\t\t<div class=\"qodef-shortcode qodef-m qodef-qi-text-marquee qodef-layout--default\">\n\t<div class=\"qodef-m-content\">\n\t\t<div class=\"qodef-m-text qodef-text--original\">\n\t\t\t\t\t\t\t<span class=\"qodef-m-text-item elementor-repeater-item-618c0b1\" >\/<\/span>\n\t\t\t\t\t\t\t\t\t\t\t<span class=\"qodef-m-text-item elementor-repeater-item-862a9ee\" > Your key to Barcelona's hidden treasures\n<\/span>\n\t\t\t\t\t\t\t\t\t\t\t<span class=\"qodef-m-text-item elementor-repeater-item-46a328b\" >\/<\/span>\n\t\t\t\t\t\t\t\t\t\t\t<span class=\"qodef-m-text-item elementor-repeater-item-b4436d4\" >Boutique experiences close to local life<\/span>\n\t\t\t\t\t\t\t\t\t\t\t<span class=\"qodef-m-text-item elementor-repeater-item-12b6c38\" >\/<\/span>\n\t\t\t\t\t\t\t\t\t\t\t<span class=\"qodef-m-text-item elementor-repeater-item-eb17735\" >More than tourism - discover the soul of Barcelona<\/span>\n\t\t\t\t\t\t\t\t\t<\/div>\n\t\t<div class=\"qodef-m-text qodef-text--copy\">\n\t\t\t\t\t\t\t<span class=\"qodef-m-text-item elementor-repeater-item-618c0b1\" >\/<\/span>\n\t\t\t\t\t\t\t\t\t\t\t<span class=\"qodef-m-text-item elementor-repeater-item-862a9ee\" > Your key to Barcelona's hidden treasures\n<\/span>\n\t\t\t\t\t\t\t\t\t\t\t<span class=\"qodef-m-text-item elementor-repeater-item-46a328b\" >\/<\/span>\n\t\t\t\t\t\t\t\t\t\t\t<span class=\"qodef-m-text-item elementor-repeater-item-b4436d4\" >Boutique experiences close to local life<\/span>\n\t\t\t\t\t\t\t\t\t\t\t<span class=\"qodef-m-text-item elementor-repeater-item-12b6c38\" >\/<\/span>\n\t\t\t\t\t\t\t\t\t\t\t<span class=\"qodef-m-text-item elementor-repeater-item-eb17735\" >More than tourism - discover the soul of Barcelona<\/span>\n\t\t\t\t\t\t\t\t\t<\/div>\n\t<\/div>\n<\/div>\n\t\t\t\t<\/div>\n\t\t\t\t<\/div>\n\t\t\t\t\t<\/div>\n\t\t<\/div>\n\t\t\t\t\t<\/div>\n\t\t<\/section>\n\t\t<div class=\"elementor-element elementor-element-394f00a e-flex e-con-boxed e-con e-parent\" data-id=\"394f00a\" data-element_type=\"container\" data-e-type=\"container\">\n\t\t\t\t\t<div class=\"e-con-inner\">\n\t\t\t\t<div class=\"elementor-element elementor-element-520779c7 animated-fast elementor-invisible elementor-widget elementor-widget-heading\" data-id=\"520779c7\" data-element_type=\"widget\" data-e-type=\"widget\" data-settings=\"{&quot;_animation&quot;:&quot;fadeIn&quot;}\" data-widget_type=\"heading.default\">\n\t\t\t\t<div class=\"elementor-widget-container\">\n\t\t\t\t\t<h2 class=\"elementor-heading-title elementor-size-default\">ABOUT US<\/h2>\t\t\t\t<\/div>\n\t\t\t\t<\/div>\n\t\t\t\t<div class=\"elementor-element elementor-element-6f72ba23 animated-fast elementor-widget-divider--view-line elementor-invisible elementor-widget elementor-widget-divider\" data-id=\"6f72ba23\" data-element_type=\"widget\" data-e-type=\"widget\" data-settings=\"{&quot;_animation&quot;:&quot;fadeIn&quot;}\" data-widget_type=\"divider.default\">\n\t\t\t\t<div class=\"elementor-widget-container\">\n\t\t\t\t\t\t\t<div class=\"elementor-divider\">\n\t\t\t<span class=\"elementor-divider-separator\">\n\t\t\t\t\t\t<\/span>\n\t\t<\/div>\n\t\t\t\t\t\t<\/div>\n\t\t\t\t<\/div>\n\t\t\t\t<div class=\"elementor-element elementor-element-142c417c animated-fast elementor-invisible elementor-widget elementor-widget-text-editor\" data-id=\"142c417c\" data-element_type=\"widget\" data-e-type=\"widget\" data-settings=\"{&quot;_animation&quot;:&quot;fadeIn&quot;,&quot;_animation_delay&quot;:200}\" data-widget_type=\"text-editor.default\">\n\t\t\t\t<div class=\"elementor-widget-container\">\n\t\t\t\t\t\t\t\t\t<p class=\"wsite-content-title\">When in Barcelona is run by entrepreneur Ida Mogren and her team of experienced guides and event organizers based in Barcelona. When in Barcelona was founded in 2011 and is an event agency and travel organizer with its roots and soul in Barcelona and the remaining parts of the Spanish autonomous region of Catalonia. Our goal is to give our clients an authentic experience of Barcelona's history, culture and cuisine. We place great importance on the fact that our business should benefit local businesses. Since its inception in 2011, we have organized hundreds of conference trips, weddings, city walks, tapas tours, wine tastings, excursions to nearby wineries, cooking classes and more. In Swedish, Norwegian and English. We also regularly share our best Barcelona tips in various Swedish and Norwegian daily, evening &amp; travel newspapers. For questions or other inquiries, contact us\u00a0<u><a href=\"mailto:ida@wheninbarcelona.com\">here<\/a><\/u><\/p>\t\t\t\t\t\t\t\t<\/div>\n\t\t\t\t<\/div>\n\t\t\t\t<div class=\"elementor-element elementor-element-21338e93 elementor-widget elementor-widget-gallery\" data-id=\"21338e93\" data-element_type=\"widget\" data-e-type=\"widget\" data-settings=\"{&quot;gallery_layout&quot;:&quot;masonry&quot;,&quot;lazyload&quot;:&quot;yes&quot;,&quot;columns&quot;:4,&quot;columns_tablet&quot;:2,&quot;columns_mobile&quot;:1,&quot;gap&quot;:{&quot;unit&quot;:&quot;px&quot;,&quot;size&quot;:10,&quot;sizes&quot;:[]},&quot;gap_tablet&quot;:{&quot;unit&quot;:&quot;px&quot;,&quot;size&quot;:10,&quot;sizes&quot;:[]},&quot;gap_mobile&quot;:{&quot;unit&quot;:&quot;px&quot;,&quot;size&quot;:10,&quot;sizes&quot;:[]},&quot;link_to&quot;:&quot;file&quot;,&quot;overlay_background&quot;:&quot;yes&quot;,&quot;content_hover_animation&quot;:&quot;fade-in&quot;}\" data-widget_type=\"gallery.default\">\n\t\t\t\t<div class=\"elementor-widget-container\">\n\t\t\t\t\t\t\t<div class=\"elementor-gallery__container\">\n\t\t\t\t\t\t\t<a class=\"e-gallery-item elementor-gallery-item elementor-animated-content\" href=\"https:\/\/wheninbarcelona.adrirodrigoa1.es\/wp-content\/uploads\/2025\/09\/timthumb_1_orig.webp\" data-elementor-open-lightbox=\"yes\" data-elementor-lightbox-slideshow=\"21338e93\" data-elementor-lightbox-title=\"timthumb_1_orig\" data-e-action-hash=\"#elementor-action%3Aaction%3Dlightbox%26settings%3DeyJpZCI6MzMxLCJ1cmwiOiJodHRwczpcL1wvd2hlbmluYmFyY2Vsb25hLmFkcmlyb2RyaWdvYTEuZXNcL3dwLWNvbnRlbnRcL3VwbG9hZHNcLzIwMjVcLzA5XC90aW10aHVtYl8xX29yaWcud2VicCIsInNsaWRlc2hvdyI6IjIxMzM4ZTkzIn0%3D\">\n\t\t\t\t\t<div class=\"e-gallery-image elementor-gallery-item__image\" data-thumbnail=\"https:\/\/wheninbarcelona.adrirodrigoa1.es\/wp-content\/uploads\/2025\/09\/timthumb_1_orig.webp\" data-width=\"250\" data-height=\"250\" aria-label=\"\" role=\"img\" ><\/div>\n\t\t\t\t\t\t\t\t\t\t\t<div class=\"elementor-gallery-item__overlay\"><\/div>\n\t\t\t\t\t\t\t\t\t\t\t\t\t\t<\/a>\n\t\t\t\t\t\t\t<a class=\"e-gallery-item elementor-gallery-item elementor-animated-content\" href=\"https:\/\/wheninbarcelona.adrirodrigoa1.es\/wp-content\/uploads\/2025\/09\/15392763-10153935235096644-4798220615975143717-o_2_orig.webp\" data-elementor-open-lightbox=\"yes\" data-elementor-lightbox-slideshow=\"21338e93\" data-elementor-lightbox-title=\"15392763-10153935235096644-4798220615975143717-o_2_orig\" data-e-action-hash=\"#elementor-action%3Aaction%3Dlightbox%26settings%3DeyJpZCI6MzMyLCJ1cmwiOiJodHRwczpcL1wvd2hlbmluYmFyY2Vsb25hLmFkcmlyb2RyaWdvYTEuZXNcL3dwLWNvbnRlbnRcL3VwbG9hZHNcLzIwMjVcLzA5XC8xNTM5Mjc2My0xMDE1MzkzNTIzNTA5NjY0NC00Nzk4MjIwNjE1OTc1MTQzNzE3LW9fMl9vcmlnLndlYnAiLCJzbGlkZXNob3ciOiIyMTMzOGU5MyJ9\">\n\t\t\t\t\t<div class=\"e-gallery-image elementor-gallery-item__image\" data-thumbnail=\"https:\/\/wheninbarcelona.adrirodrigoa1.es\/wp-content\/uploads\/2025\/09\/15392763-10153935235096644-4798220615975143717-o_2_orig-1024x681.webp\" data-width=\"800\" data-height=\"532\" aria-label=\"\" role=\"img\" ><\/div>\n\t\t\t\t\t\t\t\t\t\t\t<div class=\"elementor-gallery-item__overlay\"><\/div>\n\t\t\t\t\t\t\t\t\t\t\t\t\t\t<\/a>\n\t\t\t\t\t\t\t<a class=\"e-gallery-item elementor-gallery-item elementor-animated-content\" href=\"https:\/\/wheninbarcelona.adrirodrigoa1.es\/wp-content\/uploads\/2025\/09\/11059482-948487521859963-8770946462525648443-o_2_orig.webp\" data-elementor-open-lightbox=\"yes\" data-elementor-lightbox-slideshow=\"21338e93\" data-elementor-lightbox-title=\"11059482-948487521859963-8770946462525648443-o_2_orig\" data-e-action-hash=\"#elementor-action%3Aaction%3Dlightbox%26settings%3DeyJpZCI6MjU5LCJ1cmwiOiJodHRwczpcL1wvd2hlbmluYmFyY2Vsb25hLmFkcmlyb2RyaWdvYTEuZXNcL3dwLWNvbnRlbnRcL3VwbG9hZHNcLzIwMjVcLzA5XC8xMTA1OTQ4Mi05NDg0ODc1MjE4NTk5NjMtODc3MDk0NjQ2MjUyNTY0ODQ0My1vXzJfb3JpZy53ZWJwIiwic2xpZGVzaG93IjoiMjEzMzhlOTMifQ%3D%3D\">\n\t\t\t\t\t<div class=\"e-gallery-image elementor-gallery-item__image\" data-thumbnail=\"https:\/\/wheninbarcelona.adrirodrigoa1.es\/wp-content\/uploads\/2025\/09\/11059482-948487521859963-8770946462525648443-o_2_orig-1024x764.webp\" data-width=\"800\" data-height=\"597\" aria-label=\"\" role=\"img\" ><\/div>\n\t\t\t\t\t\t\t\t\t\t\t<div class=\"elementor-gallery-item__overlay\"><\/div>\n\t\t\t\t\t\t\t\t\t\t\t\t\t\t<\/a>\n\t\t\t\t\t<\/div>\n\t\t\t\t\t<\/div>\n\t\t\t\t<\/div>\n\t\t\t\t\t<\/div>\n\t\t\t\t<\/div>\n\t\t\t\t<\/div>","protected":false},"excerpt":{"rendered":"<p>OM OSS KONTAKT \/ Din nyckel till Barcelonas dolda skatter \/ Boutiqueupplevelser n\u00e4ra det lokala livet \/ Mer \u00e4n turism \u2013 uppt\u00e4ck Barcelonas sj\u00e4l \/ Din nyckel till Barcelonas dolda skatter \/ Boutiqueupplevelser n\u00e4ra det lokala livet \/ Mer \u00e4n turism \u2013 uppt\u00e4ck Barcelonas sj\u00e4l OM OSS When in Barcelona drives av gr\u00fcnderen Ida Mogren [&hellip;]<\/p>\n","protected":false},"author":7,"featured_media":0,"parent":0,"menu_order":0,"comment_status":"closed","ping_status":"closed","template":"","meta":{"footnotes":""},"class_list":["post-48","page","type-page","status-publish","hentry"],"yoast_head":"<!-- This site is optimized with the Yoast SEO plugin v27.4 - https:\/\/yoast.com\/product\/yoast-seo-wordpress\/ -->\n<title>OM OSS - Upplev det \u00e4kta Barcelona<\/title>\n<meta name=\"robots\" content=\"noindex, follow, max-snippet:-1, max-image-preview:large, max-video-preview:-1\" \/>\n<meta property=\"og:locale\" content=\"en_US\" \/>\n<meta property=\"og:type\" content=\"article\" \/>\n<meta property=\"og:title\" content=\"OM OSS - Upplev det \u00e4kta Barcelona\" \/>\n<meta property=\"og:description\" content=\"OM OSS KONTAKT \/ Din nyckel till Barcelonas dolda skatter \/ Boutiqueupplevelser n\u00e4ra det lokala livet \/ Mer \u00e4n turism \u2013 uppt\u00e4ck Barcelonas sj\u00e4l \/ Din nyckel till Barcelonas dolda skatter \/ Boutiqueupplevelser n\u00e4ra det lokala livet \/ Mer \u00e4n turism \u2013 uppt\u00e4ck Barcelonas sj\u00e4l OM OSS When in Barcelona drives av gr\u00fcnderen Ida Mogren [&hellip;]\" \/>\n<meta property=\"og:url\" content=\"https:\/\/wheninbarcelona.adrirodrigoa1.es\/en\/om-oss\/\" \/>\n<meta property=\"og:site_name\" content=\"Upplev det \u00e4kta Barcelona\" \/>\n<meta property=\"article:modified_time\" content=\"2025-09-10T17:35:58+00:00\" \/>\n<meta name=\"twitter:card\" content=\"summary_large_image\" \/>\n<meta name=\"twitter:label1\" content=\"Est. reading time\" \/>\n\t<meta name=\"twitter:data1\" content=\"1 minute\" \/>\n<script type=\"application\/ld+json\" class=\"yoast-schema-graph\">{\"@context\":\"https:\\\/\\\/schema.org\",\"@graph\":[{\"@type\":\"WebPage\",\"@id\":\"https:\\\/\\\/wheninbarcelona.adrirodrigoa1.es\\\/om-oss\\\/\",\"url\":\"https:\\\/\\\/wheninbarcelona.adrirodrigoa1.es\\\/om-oss\\\/\",\"name\":\"OM OSS - Upplev det \u00e4kta Barcelona\",\"isPartOf\":{\"@id\":\"https:\\\/\\\/wheninbarcelona.adrirodrigoa1.es\\\/#website\"},\"datePublished\":\"2025-09-02T07:07:52+00:00\",\"dateModified\":\"2025-09-10T17:35:58+00:00\",\"breadcrumb\":{\"@id\":\"https:\\\/\\\/wheninbarcelona.adrirodrigoa1.es\\\/om-oss\\\/#breadcrumb\"},\"inLanguage\":\"en-US\",\"potentialAction\":[{\"@type\":\"ReadAction\",\"target\":[\"https:\\\/\\\/wheninbarcelona.adrirodrigoa1.es\\\/om-oss\\\/\"]}]},{\"@type\":\"BreadcrumbList\",\"@id\":\"https:\\\/\\\/wheninbarcelona.adrirodrigoa1.es\\\/om-oss\\\/#breadcrumb\",\"itemListElement\":[{\"@type\":\"ListItem\",\"position\":1,\"name\":\"Portada\",\"item\":\"https:\\\/\\\/wheninbarcelona.adrirodrigoa1.es\\\/\"},{\"@type\":\"ListItem\",\"position\":2,\"name\":\"OM OSS\"}]},{\"@type\":\"WebSite\",\"@id\":\"https:\\\/\\\/wheninbarcelona.adrirodrigoa1.es\\\/#website\",\"url\":\"https:\\\/\\\/wheninbarcelona.adrirodrigoa1.es\\\/\",\"name\":\"Upplev det \u00e4kta Barcelona\",\"description\":\"\",\"publisher\":{\"@id\":\"https:\\\/\\\/wheninbarcelona.adrirodrigoa1.es\\\/#organization\"},\"potentialAction\":[{\"@type\":\"SearchAction\",\"target\":{\"@type\":\"EntryPoint\",\"urlTemplate\":\"https:\\\/\\\/wheninbarcelona.adrirodrigoa1.es\\\/?s={search_term_string}\"},\"query-input\":{\"@type\":\"PropertyValueSpecification\",\"valueRequired\":true,\"valueName\":\"search_term_string\"}}],\"inLanguage\":\"en-US\"},{\"@type\":\"Organization\",\"@id\":\"https:\\\/\\\/wheninbarcelona.adrirodrigoa1.es\\\/#organization\",\"name\":\"Upplev det \u00e4kta Barcelona\",\"url\":\"https:\\\/\\\/wheninbarcelona.adrirodrigoa1.es\\\/\",\"logo\":{\"@type\":\"ImageObject\",\"inLanguage\":\"en-US\",\"@id\":\"https:\\\/\\\/wheninbarcelona.adrirodrigoa1.es\\\/#\\\/schema\\\/logo\\\/image\\\/\",\"url\":\"https:\\\/\\\/wheninbarcelona.adrirodrigoa1.es\\\/wp-content\\\/uploads\\\/2025\\\/09\\\/primery-transparent-logo.webp\",\"contentUrl\":\"https:\\\/\\\/wheninbarcelona.adrirodrigoa1.es\\\/wp-content\\\/uploads\\\/2025\\\/09\\\/primery-transparent-logo.webp\",\"width\":998,\"height\":253,\"caption\":\"Upplev det \u00e4kta Barcelona\"},\"image\":{\"@id\":\"https:\\\/\\\/wheninbarcelona.adrirodrigoa1.es\\\/#\\\/schema\\\/logo\\\/image\\\/\"}}]}<\/script>\n<!-- \/ Yoast SEO plugin. -->","yoast_head_json":{"title":"OM OSS - Upplev det \u00e4kta Barcelona","robots":{"index":"noindex","follow":"follow","max-snippet":"max-snippet:-1","max-image-preview":"max-image-preview:large","max-video-preview":"max-video-preview:-1"},"og_locale":"en_US","og_type":"article","og_title":"OM OSS - Upplev det \u00e4kta Barcelona","og_description":"OM OSS KONTAKT \/ Din nyckel till Barcelonas dolda skatter \/ Boutiqueupplevelser n\u00e4ra det lokala livet \/ Mer \u00e4n turism \u2013 uppt\u00e4ck Barcelonas sj\u00e4l \/ Din nyckel till Barcelonas dolda skatter \/ Boutiqueupplevelser n\u00e4ra det lokala livet \/ Mer \u00e4n turism \u2013 uppt\u00e4ck Barcelonas sj\u00e4l OM OSS When in Barcelona drives av gr\u00fcnderen Ida Mogren [&hellip;]","og_url":"https:\/\/wheninbarcelona.adrirodrigoa1.es\/en\/om-oss\/","og_site_name":"Upplev det \u00e4kta Barcelona","article_modified_time":"2025-09-10T17:35:58+00:00","twitter_card":"summary_large_image","twitter_misc":{"Est. reading time":"1 minute"},"schema":{"@context":"https:\/\/schema.org","@graph":[{"@type":"WebPage","@id":"https:\/\/wheninbarcelona.adrirodrigoa1.es\/om-oss\/","url":"https:\/\/wheninbarcelona.adrirodrigoa1.es\/om-oss\/","name":"OM OSS - Upplev det \u00e4kta Barcelona","isPartOf":{"@id":"https:\/\/wheninbarcelona.adrirodrigoa1.es\/#website"},"datePublished":"2025-09-02T07:07:52+00:00","dateModified":"2025-09-10T17:35:58+00:00","breadcrumb":{"@id":"https:\/\/wheninbarcelona.adrirodrigoa1.es\/om-oss\/#breadcrumb"},"inLanguage":"en-US","potentialAction":[{"@type":"ReadAction","target":["https:\/\/wheninbarcelona.adrirodrigoa1.es\/om-oss\/"]}]},{"@type":"BreadcrumbList","@id":"https:\/\/wheninbarcelona.adrirodrigoa1.es\/om-oss\/#breadcrumb","itemListElement":[{"@type":"ListItem","position":1,"name":"Portada","item":"https:\/\/wheninbarcelona.adrirodrigoa1.es\/"},{"@type":"ListItem","position":2,"name":"OM OSS"}]},{"@type":"WebSite","@id":"https:\/\/wheninbarcelona.adrirodrigoa1.es\/#website","url":"https:\/\/wheninbarcelona.adrirodrigoa1.es\/","name":"Experience the real Barcelona","description":"","publisher":{"@id":"https:\/\/wheninbarcelona.adrirodrigoa1.es\/#organization"},"potentialAction":[{"@type":"SearchAction","target":{"@type":"EntryPoint","urlTemplate":"https:\/\/wheninbarcelona.adrirodrigoa1.es\/?s={search_term_string}"},"query-input":{"@type":"PropertyValueSpecification","valueRequired":true,"valueName":"search_term_string"}}],"inLanguage":"en-US"},{"@type":"Organization","@id":"https:\/\/wheninbarcelona.adrirodrigoa1.es\/#organization","name":"Experience the real Barcelona","url":"https:\/\/wheninbarcelona.adrirodrigoa1.es\/","logo":{"@type":"ImageObject","inLanguage":"en-US","@id":"https:\/\/wheninbarcelona.adrirodrigoa1.es\/#\/schema\/logo\/image\/","url":"https:\/\/wheninbarcelona.adrirodrigoa1.es\/wp-content\/uploads\/2025\/09\/primery-transparent-logo.webp","contentUrl":"https:\/\/wheninbarcelona.adrirodrigoa1.es\/wp-content\/uploads\/2025\/09\/primery-transparent-logo.webp","width":998,"height":253,"caption":"Upplev det \u00e4kta Barcelona"},"image":{"@id":"https:\/\/wheninbarcelona.adrirodrigoa1.es\/#\/schema\/logo\/image\/"}}]}},"_links":{"self":[{"href":"https:\/\/wheninbarcelona.adrirodrigoa1.es\/en\/wp-json\/wp\/v2\/pages\/48","targetHints":{"allow":["GET"]}}],"collection":[{"href":"https:\/\/wheninbarcelona.adrirodrigoa1.es\/en\/wp-json\/wp\/v2\/pages"}],"about":[{"href":"https:\/\/wheninbarcelona.adrirodrigoa1.es\/en\/wp-json\/wp\/v2\/types\/page"}],"author":[{"embeddable":true,"href":"https:\/\/wheninbarcelona.adrirodrigoa1.es\/en\/wp-json\/wp\/v2\/users\/7"}],"replies":[{"embeddable":true,"href":"https:\/\/wheninbarcelona.adrirodrigoa1.es\/en\/wp-json\/wp\/v2\/comments?post=48"}],"version-history":[{"count":13,"href":"https:\/\/wheninbarcelona.adrirodrigoa1.es\/en\/wp-json\/wp\/v2\/pages\/48\/revisions"}],"predecessor-version":[{"id":558,"href":"https:\/\/wheninbarcelona.adrirodrigoa1.es\/en\/wp-json\/wp\/v2\/pages\/48\/revisions\/558"}],"wp:attachment":[{"href":"https:\/\/wheninbarcelona.adrirodrigoa1.es\/en\/wp-json\/wp\/v2\/media?parent=48"}],"curies":[{"name":"wp","href":"https:\/\/api.w.org\/{rel}","templated":true}]}}