{"id":2,"date":"2025-06-19T16:39:29","date_gmt":"2025-06-19T14:39:29","guid":{"rendered":"https:\/\/wheninbarcelona.adrirodrigoa1.es\/?page_id=2"},"modified":"2025-09-04T04:27:10","modified_gmt":"2025-09-04T02:27:10","slug":"pagina-ejemplo","status":"publish","type":"page","link":"https:\/\/wheninbarcelona.adrirodrigoa1.es\/es\/","title":{"rendered":"iniciar"},"content":{"rendered":"\t\t<div data-elementor-type=\"wp-page\" data-elementor-id=\"2\" class=\"elementor elementor-2\" data-elementor-post-type=\"page\">\n\t\t\t\t\t\t<section class=\"elementor-section elementor-top-section elementor-element elementor-element-325dad08 elementor-section-height-min-height elementor-section-boxed elementor-section-height-default elementor-section-items-middle\" data-id=\"325dad08\" data-element_type=\"section\" data-e-type=\"section\" data-settings=\"{&quot;background_background&quot;:&quot;video&quot;,&quot;background_video_link&quot;:&quot;\\\/wp-content\\\/uploads\\\/2025\\\/09\\\/barcelona_414.mp4&quot;,&quot;background_play_on_mobile&quot;:&quot;yes&quot;,&quot;background_motion_fx_devices&quot;:[&quot;desktop&quot;,&quot;tablet&quot;,&quot;mobile&quot;]}\">\n\t\t\t\t\t\t\t\t<div class=\"elementor-background-video-container\">\n\t\t\t\t\t\t\t\t\t\t\t\t\t<video class=\"elementor-background-video-hosted\" role=\"presentation\" autoplay muted playsinline loop><\/video>\n\t\t\t\t\t\t\t\t\t\t\t<\/div>\n\t\t\t\t\t\t\t\t\t<div class=\"elementor-background-overlay\"><\/div>\n\t\t\t\t\t\t\t<div class=\"elementor-container elementor-column-gap-default\">\n\t\t\t\t\t<div class=\"elementor-column elementor-col-100 elementor-top-column elementor-element elementor-element-57b273a\" data-id=\"57b273a\" data-element_type=\"column\" data-e-type=\"column\">\n\t\t\t<div class=\"elementor-widget-wrap elementor-element-populated\">\n\t\t\t\t\t\t<div class=\"elementor-element elementor-element-625aeb6 elementor-headline--style-rotate animated-slow elementor-invisible elementor-widget elementor-widget-animated-headline\" data-id=\"625aeb6\" data-element_type=\"widget\" data-e-type=\"widget\" data-settings=\"{&quot;headline_style&quot;:&quot;rotate&quot;,&quot;rotating_text&quot;:&quot;skr\\u00e4ddarsydda turer och \\nunika evenemang&quot;,&quot;_animation&quot;:&quot;fadeInUp&quot;,&quot;_animation_delay&quot;:1000,&quot;animation_type&quot;:&quot;typing&quot;,&quot;loop&quot;:&quot;yes&quot;,&quot;rotate_iteration_delay&quot;:2500}\" data-widget_type=\"animated-headline.default\">\n\t\t\t\t<div class=\"elementor-widget-container\">\n\t\t\t\t\t\t\t<h1 class=\"elementor-headline elementor-headline-animation-type-typing elementor-headline-letters\">\n\t\t\t\t\t<span class=\"elementor-headline-plain-text elementor-headline-text-wrapper\">Upplev det \u00e4kta Barcelona <\/span>\n\t\t\t\t<span class=\"elementor-headline-dynamic-wrapper elementor-headline-text-wrapper\">\n\t\t\t\t\t<span class=\"elementor-headline-dynamic-text elementor-headline-text-active\">\n\t\t\t\tskr\u00e4ddarsydda&nbsp;turer&nbsp;och&nbsp;\t\t\t<\/span>\n\t\t\t\t\t<span class=\"elementor-headline-dynamic-text\">\n\t\t\t\tunika&nbsp;evenemang\t\t\t<\/span>\n\t\t\t\t\t\t<\/span>\n\t\t\t\t<\/h1>\n\t\t\t\t\t\t<\/div>\n\t\t\t\t<\/div>\n\t\t\t\t\t<\/div>\n\t\t<\/div>\n\t\t\t\t\t<\/div>\n\t\t<\/section>\n\t\t\t\t<section class=\"elementor-section elementor-top-section elementor-element elementor-element-46d11717 elementor-section-full_width animated-fast elementor-section-height-default elementor-section-height-default\" data-id=\"46d11717\" data-element_type=\"section\" data-e-type=\"section\" data-settings=\"{&quot;background_background&quot;:&quot;classic&quot;,&quot;animation&quot;:&quot;none&quot;}\">\n\t\t\t\t\t\t\t<div class=\"elementor-background-overlay\"><\/div>\n\t\t\t\t\t\t\t<div class=\"elementor-container elementor-column-gap-default\">\n\t\t\t\t\t<div class=\"elementor-column elementor-col-100 elementor-top-column elementor-element elementor-element-7ff40469\" data-id=\"7ff40469\" data-element_type=\"column\" data-e-type=\"column\" data-settings=\"{&quot;background_background&quot;:&quot;classic&quot;}\">\n\t\t\t<div class=\"elementor-widget-wrap elementor-element-populated\">\n\t\t\t\t\t\t<div class=\"elementor-element elementor-element-6134f856 elementor-widget elementor-widget-qi_addons_for_elementor_text_marquee\" data-id=\"6134f856\" data-element_type=\"widget\" data-e-type=\"widget\" data-widget_type=\"qi_addons_for_elementor_text_marquee.default\">\n\t\t\t\t<div class=\"elementor-widget-container\">\n\t\t\t\t\t<div class=\"qodef-shortcode qodef-m qodef-qi-text-marquee qodef-layout--default\">\n\t<div class=\"qodef-m-content\">\n\t\t<div class=\"qodef-m-text qodef-text--original\">\n\t\t\t\t\t\t\t<span class=\"qodef-m-text-item elementor-repeater-item-618c0b1\" >\/<\/span>\n\t\t\t\t\t\t\t\t\t\t\t<span class=\"qodef-m-text-item elementor-repeater-item-862a9ee\" > Din nyckel till Barcelonas dolda skatter.\n<\/span>\n\t\t\t\t\t\t\t\t\t\t\t<span class=\"qodef-m-text-item elementor-repeater-item-46a328b\" >\/<\/span>\n\t\t\t\t\t\t\t\t\t\t\t<span class=\"qodef-m-text-item elementor-repeater-item-b4436d4\" >Boutiqueupplevelser n\u00e4ra det lokala livet.<\/span>\n\t\t\t\t\t\t\t\t\t\t\t<span class=\"qodef-m-text-item elementor-repeater-item-12b6c38\" >\/<\/span>\n\t\t\t\t\t\t\t\t\t\t\t<span class=\"qodef-m-text-item elementor-repeater-item-eb17735\" >Mer \u00e4n turism \u2013 uppt\u00e4ck Barcelonas sj\u00e4l<\/span>\n\t\t\t\t\t\t\t\t\t<\/div>\n\t\t<div class=\"qodef-m-text qodef-text--copy\">\n\t\t\t\t\t\t\t<span class=\"qodef-m-text-item elementor-repeater-item-618c0b1\" >\/<\/span>\n\t\t\t\t\t\t\t\t\t\t\t<span class=\"qodef-m-text-item elementor-repeater-item-862a9ee\" > Din nyckel till Barcelonas dolda skatter.\n<\/span>\n\t\t\t\t\t\t\t\t\t\t\t<span class=\"qodef-m-text-item elementor-repeater-item-46a328b\" >\/<\/span>\n\t\t\t\t\t\t\t\t\t\t\t<span class=\"qodef-m-text-item elementor-repeater-item-b4436d4\" >Boutiqueupplevelser n\u00e4ra det lokala livet.<\/span>\n\t\t\t\t\t\t\t\t\t\t\t<span class=\"qodef-m-text-item elementor-repeater-item-12b6c38\" >\/<\/span>\n\t\t\t\t\t\t\t\t\t\t\t<span class=\"qodef-m-text-item elementor-repeater-item-eb17735\" >Mer \u00e4n turism \u2013 uppt\u00e4ck Barcelonas sj\u00e4l<\/span>\n\t\t\t\t\t\t\t\t\t<\/div>\n\t<\/div>\n<\/div>\n\t\t\t\t<\/div>\n\t\t\t\t<\/div>\n\t\t\t\t\t<\/div>\n\t\t<\/div>\n\t\t\t\t\t<\/div>\n\t\t<\/section>\n\t\t<div class=\"elementor-element elementor-element-cafb1d0 e-flex e-con-boxed e-con e-parent\" data-id=\"cafb1d0\" data-element_type=\"container\" data-e-type=\"container\">\n\t\t\t\t\t<div class=\"e-con-inner\">\n\t\t\t\t<div class=\"elementor-element elementor-element-0716a14 elementor-widget elementor-widget-template\" data-id=\"0716a14\" data-element_type=\"widget\" data-e-type=\"widget\" data-widget_type=\"template.default\">\n\t\t\t\t<div class=\"elementor-widget-container\">\n\t\t\t\t\t\t\t<div class=\"elementor-template\">\n\t\t\t\t\t<div data-elementor-type=\"container\" data-elementor-id=\"26\" class=\"elementor elementor-26\" data-elementor-post-type=\"elementor_library\">\n\t\t\t\t\t\t<section class=\"elementor-section elementor-top-section elementor-element elementor-element-7ffd1c64 elementor-section-boxed elementor-section-height-default elementor-section-height-default\" data-id=\"7ffd1c64\" data-element_type=\"section\" data-e-type=\"section\">\n\t\t\t\t\t\t<div class=\"elementor-container elementor-column-gap-default\">\n\t\t\t\t\t<div class=\"elementor-column elementor-col-100 elementor-top-column elementor-element elementor-element-4f790e5c\" data-id=\"4f790e5c\" data-element_type=\"column\" data-e-type=\"column\">\n\t\t\t<div class=\"elementor-widget-wrap elementor-element-populated\">\n\t\t\t\t\t\t<section class=\"elementor-section elementor-inner-section elementor-element elementor-element-8269eac elementor-section-boxed elementor-section-height-default elementor-section-height-default\" data-id=\"8269eac\" data-element_type=\"section\" data-e-type=\"section\">\n\t\t\t\t\t\t<div class=\"elementor-container elementor-column-gap-default\">\n\t\t\t\t\t<div class=\"elementor-column elementor-col-100 elementor-inner-column elementor-element elementor-element-3f6dcfa3\" data-id=\"3f6dcfa3\" data-element_type=\"column\" data-e-type=\"column\">\n\t\t\t<div class=\"elementor-widget-wrap elementor-element-populated\">\n\t\t\t\t\t\t<div class=\"elementor-element elementor-element-791938e8 elementor-widget elementor-widget-heading\" data-id=\"791938e8\" data-element_type=\"widget\" data-e-type=\"widget\" data-widget_type=\"heading.default\">\n\t\t\t\t<div class=\"elementor-widget-container\">\n\t\t\t\t\t<h2 class=\"elementor-heading-title elementor-size-default\">Programa kit digital financiado por los fondos next generation del mecanismo de recuperaci\u00f3n y resiliencia<\/h2>\t\t\t\t<\/div>\n\t\t\t\t<\/div>\n\t\t\t\t<div class=\"elementor-element elementor-element-1bf9d27b elementor-widget-divider--view-line elementor-widget elementor-widget-divider\" data-id=\"1bf9d27b\" data-element_type=\"widget\" data-e-type=\"widget\" data-widget_type=\"divider.default\">\n\t\t\t\t<div class=\"elementor-widget-container\">\n\t\t\t\t\t\t\t<div class=\"elementor-divider\">\n\t\t\t<span class=\"elementor-divider-separator\">\n\t\t\t\t\t\t<\/span>\n\t\t<\/div>\n\t\t\t\t\t\t<\/div>\n\t\t\t\t<\/div>\n\t\t\t\t\t<\/div>\n\t\t<\/div>\n\t\t\t\t\t<\/div>\n\t\t<\/section>\n\t\t\t\t<section class=\"elementor-section elementor-inner-section elementor-element elementor-element-4e822aa elementor-section-boxed elementor-section-height-default elementor-section-height-default\" data-id=\"4e822aa\" data-element_type=\"section\" data-e-type=\"section\">\n\t\t\t\t\t\t<div class=\"elementor-container elementor-column-gap-default\">\n\t\t\t\t\t<div class=\"elementor-column elementor-col-20 elementor-inner-column elementor-element elementor-element-571b323c\" data-id=\"571b323c\" data-element_type=\"column\" data-e-type=\"column\">\n\t\t\t<div class=\"elementor-widget-wrap elementor-element-populated\">\n\t\t\t\t\t\t<div class=\"elementor-element elementor-element-36f3fbb0 elementor-widget elementor-widget-image\" data-id=\"36f3fbb0\" data-element_type=\"widget\" data-e-type=\"widget\" data-widget_type=\"image.default\">\n\t\t\t\t<div class=\"elementor-widget-container\">\n\t\t\t\t\t\t\t\t\t\t\t\t\t\t\t<img fetchpriority=\"high\" decoding=\"async\" width=\"645\" height=\"162\" src=\"https:\/\/wheninbarcelona.adrirodrigoa1.es\/wp-content\/uploads\/2025\/06\/l1.png\" class=\"attachment-full size-full wp-image-21\" alt=\"\" srcset=\"https:\/\/wheninbarcelona.adrirodrigoa1.es\/wp-content\/uploads\/2025\/06\/l1.png 645w, https:\/\/wheninbarcelona.adrirodrigoa1.es\/wp-content\/uploads\/2025\/06\/l1-600x151.png 600w, https:\/\/wheninbarcelona.adrirodrigoa1.es\/wp-content\/uploads\/2025\/06\/l1-300x75.png 300w\" sizes=\"(max-width: 645px) 100vw, 645px\" \/>\t\t\t\t\t\t\t\t\t\t\t\t\t\t\t<\/div>\n\t\t\t\t<\/div>\n\t\t\t\t\t<\/div>\n\t\t<\/div>\n\t\t\t\t<div class=\"elementor-column elementor-col-20 elementor-inner-column elementor-element elementor-element-3bea86bc\" data-id=\"3bea86bc\" data-element_type=\"column\" data-e-type=\"column\">\n\t\t\t<div class=\"elementor-widget-wrap elementor-element-populated\">\n\t\t\t\t\t\t<div class=\"elementor-element elementor-element-4f3aebba elementor-widget elementor-widget-image\" data-id=\"4f3aebba\" data-element_type=\"widget\" data-e-type=\"widget\" data-widget_type=\"image.default\">\n\t\t\t\t<div class=\"elementor-widget-container\">\n\t\t\t\t\t\t\t\t\t\t\t\t\t\t\t<img decoding=\"async\" width=\"919\" height=\"159\" src=\"https:\/\/wheninbarcelona.adrirodrigoa1.es\/wp-content\/uploads\/2025\/06\/l2.png\" class=\"attachment-full size-full wp-image-22\" alt=\"\" srcset=\"https:\/\/wheninbarcelona.adrirodrigoa1.es\/wp-content\/uploads\/2025\/06\/l2.png 919w, https:\/\/wheninbarcelona.adrirodrigoa1.es\/wp-content\/uploads\/2025\/06\/l2-600x104.png 600w, https:\/\/wheninbarcelona.adrirodrigoa1.es\/wp-content\/uploads\/2025\/06\/l2-300x52.png 300w, https:\/\/wheninbarcelona.adrirodrigoa1.es\/wp-content\/uploads\/2025\/06\/l2-768x133.png 768w\" sizes=\"(max-width: 919px) 100vw, 919px\" \/>\t\t\t\t\t\t\t\t\t\t\t\t\t\t\t<\/div>\n\t\t\t\t<\/div>\n\t\t\t\t\t<\/div>\n\t\t<\/div>\n\t\t\t\t<div class=\"elementor-column elementor-col-20 elementor-inner-column elementor-element elementor-element-552f571d\" data-id=\"552f571d\" data-element_type=\"column\" data-e-type=\"column\">\n\t\t\t<div class=\"elementor-widget-wrap elementor-element-populated\">\n\t\t\t\t\t\t<div class=\"elementor-element elementor-element-7db44ac0 elementor-widget elementor-widget-image\" data-id=\"7db44ac0\" data-element_type=\"widget\" data-e-type=\"widget\" data-widget_type=\"image.default\">\n\t\t\t\t<div class=\"elementor-widget-container\">\n\t\t\t\t\t\t\t\t\t\t\t\t\t\t\t<img decoding=\"async\" width=\"354\" height=\"115\" src=\"https:\/\/wheninbarcelona.adrirodrigoa1.es\/wp-content\/uploads\/2025\/06\/l3.png\" class=\"attachment-full size-full wp-image-23\" alt=\"\" srcset=\"https:\/\/wheninbarcelona.adrirodrigoa1.es\/wp-content\/uploads\/2025\/06\/l3.png 354w, https:\/\/wheninbarcelona.adrirodrigoa1.es\/wp-content\/uploads\/2025\/06\/l3-300x97.png 300w\" sizes=\"(max-width: 354px) 100vw, 354px\" \/>\t\t\t\t\t\t\t\t\t\t\t\t\t\t\t<\/div>\n\t\t\t\t<\/div>\n\t\t\t\t\t<\/div>\n\t\t<\/div>\n\t\t\t\t<div class=\"elementor-column elementor-col-20 elementor-inner-column elementor-element elementor-element-3917ab90\" data-id=\"3917ab90\" data-element_type=\"column\" data-e-type=\"column\">\n\t\t\t<div class=\"elementor-widget-wrap elementor-element-populated\">\n\t\t\t\t\t\t<div class=\"elementor-element elementor-element-5069a1e4 elementor-widget elementor-widget-image\" data-id=\"5069a1e4\" data-element_type=\"widget\" data-e-type=\"widget\" data-widget_type=\"image.default\">\n\t\t\t\t<div class=\"elementor-widget-container\">\n\t\t\t\t\t\t\t\t\t\t\t\t\t\t\t<img loading=\"lazy\" decoding=\"async\" width=\"437\" height=\"156\" src=\"https:\/\/wheninbarcelona.adrirodrigoa1.es\/wp-content\/uploads\/2025\/06\/l4.png\" class=\"attachment-full size-full wp-image-24\" alt=\"\" srcset=\"https:\/\/wheninbarcelona.adrirodrigoa1.es\/wp-content\/uploads\/2025\/06\/l4.png 437w, https:\/\/wheninbarcelona.adrirodrigoa1.es\/wp-content\/uploads\/2025\/06\/l4-300x107.png 300w\" sizes=\"(max-width: 437px) 100vw, 437px\" \/>\t\t\t\t\t\t\t\t\t\t\t\t\t\t\t<\/div>\n\t\t\t\t<\/div>\n\t\t\t\t\t<\/div>\n\t\t<\/div>\n\t\t\t\t<div class=\"elementor-column elementor-col-20 elementor-inner-column elementor-element elementor-element-45bd3870\" data-id=\"45bd3870\" data-element_type=\"column\" data-e-type=\"column\">\n\t\t\t<div class=\"elementor-widget-wrap elementor-element-populated\">\n\t\t\t\t\t\t<div class=\"elementor-element elementor-element-62e4e935 elementor-widget elementor-widget-image\" data-id=\"62e4e935\" data-element_type=\"widget\" data-e-type=\"widget\" data-widget_type=\"image.default\">\n\t\t\t\t<div class=\"elementor-widget-container\">\n\t\t\t\t\t\t\t\t\t\t\t\t\t\t\t<img loading=\"lazy\" decoding=\"async\" width=\"560\" height=\"153\" src=\"https:\/\/wheninbarcelona.adrirodrigoa1.es\/wp-content\/uploads\/2025\/06\/l5.png\" class=\"attachment-full size-full wp-image-25\" alt=\"\" srcset=\"https:\/\/wheninbarcelona.adrirodrigoa1.es\/wp-content\/uploads\/2025\/06\/l5.png 560w, https:\/\/wheninbarcelona.adrirodrigoa1.es\/wp-content\/uploads\/2025\/06\/l5-300x82.png 300w\" sizes=\"(max-width: 560px) 100vw, 560px\" \/>\t\t\t\t\t\t\t\t\t\t\t\t\t\t\t<\/div>\n\t\t\t\t<\/div>\n\t\t\t\t\t<\/div>\n\t\t<\/div>\n\t\t\t\t\t<\/div>\n\t\t<\/section>\n\t\t\t\t<section class=\"elementor-section elementor-inner-section elementor-element elementor-element-420e6c1c elementor-section-full_width elementor-section-height-default elementor-section-height-default\" data-id=\"420e6c1c\" data-element_type=\"section\" data-e-type=\"section\">\n\t\t\t\t\t\t<div class=\"elementor-container elementor-column-gap-default\">\n\t\t\t\t\t<div class=\"elementor-column elementor-col-50 elementor-inner-column elementor-element elementor-element-39dbc312\" data-id=\"39dbc312\" data-element_type=\"column\" data-e-type=\"column\">\n\t\t\t<div class=\"elementor-widget-wrap elementor-element-populated\">\n\t\t\t\t\t<div class=\"elementor-background-overlay\"><\/div>\n\t\t\t\t\t\t<div class=\"elementor-element elementor-element-72a8bb46 animated-slow elementor-invisible elementor-widget elementor-widget-text-editor\" data-id=\"72a8bb46\" data-element_type=\"widget\" data-e-type=\"widget\" data-settings=\"{&quot;_animation&quot;:&quot;zoomIn&quot;}\" data-widget_type=\"text-editor.default\">\n\t\t\t\t<div class=\"elementor-widget-container\">\n\t\t\t\t\t\t\t\t\t\u00abfinanciado por la\nUni\u00f3n Europea &#8211; NextGenerationEU\u00bb\t\t\t\t\t\t\t\t<\/div>\n\t\t\t\t<\/div>\n\t\t\t\t\t<\/div>\n\t\t<\/div>\n\t\t\t\t<div class=\"elementor-column elementor-col-50 elementor-inner-column elementor-element elementor-element-4095f068\" data-id=\"4095f068\" data-element_type=\"column\" data-e-type=\"column\">\n\t\t\t<div class=\"elementor-widget-wrap elementor-element-populated\">\n\t\t\t\t\t<div class=\"elementor-background-overlay\"><\/div>\n\t\t\t\t\t\t<div class=\"elementor-element elementor-element-568cc3b2 animated-slow elementor-invisible elementor-widget elementor-widget-text-editor\" data-id=\"568cc3b2\" data-element_type=\"widget\" data-e-type=\"widget\" data-settings=\"{&quot;_animation&quot;:&quot;zoomIn&quot;}\" data-widget_type=\"text-editor.default\">\n\t\t\t\t<div class=\"elementor-widget-container\">\n\t\t\t\t\t\t\t\t\t\u00abFinanciado por la Uni\u00f3n Europea \u2013 NextGenerationEU. Sin embargo, los puntos de vista y las opiniones expresadas son \u00fanicamente los del autor o autores y no reflejan necesariamente los de la Uni\u00f3n Europea o la Comisi\u00f3n Europea. Ni la Uni\u00f3n Europea ni la Comisi\u00f3n Europea pueden ser consideradas responsables de las mismas\u00bb\t\t\t\t\t\t\t\t<\/div>\n\t\t\t\t<\/div>\n\t\t\t\t\t<\/div>\n\t\t<\/div>\n\t\t\t\t\t<\/div>\n\t\t<\/section>\n\t\t\t\t\t<\/div>\n\t\t<\/div>\n\t\t\t\t\t<\/div>\n\t\t<\/section>\n\t\t\t\t<\/div>\n\t\t\t\t<\/div>\n\t\t\t\t\t\t<\/div>\n\t\t\t\t<\/div>\n\t\t\t\t\t<\/div>\n\t\t\t\t<\/div>\n\t\t\t\t<\/div>\n\t\t","protected":false},"excerpt":{"rendered":"<p>Upplev det \u00e4kta Barcelona skr\u00e4ddarsydda&nbsp;turer&nbsp;och&nbsp; unika&nbsp;evenemang \/ Din nyckel till Barcelonas dolda skatter. \/ Boutiqueupplevelser n\u00e4ra det lokala livet. \/ Mer \u00e4n turism \u2013 uppt\u00e4ck Barcelonas sj\u00e4l \/ Din nyckel till Barcelonas dolda skatter. \/ Boutiqueupplevelser n\u00e4ra det lokala livet. \/ Mer \u00e4n turism \u2013 uppt\u00e4ck Barcelonas sj\u00e4l<\/p>","protected":false},"author":2,"featured_media":0,"parent":0,"menu_order":0,"comment_status":"closed","ping_status":"closed","template":"","meta":{"footnotes":""},"class_list":["post-2","page","type-page","status-publish","hentry"],"yoast_head":"<!-- This site is optimized with the Yoast SEO plugin v27.4 - https:\/\/yoast.com\/product\/yoast-seo-wordpress\/ -->\n<title>starta - Upplev det \u00e4kta Barcelona<\/title>\n<meta name=\"robots\" content=\"noindex, follow, max-snippet:-1, max-image-preview:large, max-video-preview:-1\" \/>\n<meta property=\"og:locale\" content=\"es_ES\" \/>\n<meta property=\"og:type\" content=\"article\" \/>\n<meta property=\"og:title\" content=\"starta - Upplev det \u00e4kta Barcelona\" \/>\n<meta property=\"og:description\" content=\"Upplev det \u00e4kta Barcelona skr\u00e4ddarsydda&nbsp;turer&nbsp;och&nbsp; unika&nbsp;evenemang \/ Din nyckel till Barcelonas dolda skatter. \/ Boutiqueupplevelser n\u00e4ra det lokala livet. \/ Mer \u00e4n turism \u2013 uppt\u00e4ck Barcelonas sj\u00e4l \/ Din nyckel till Barcelonas dolda skatter. \/ Boutiqueupplevelser n\u00e4ra det lokala livet. \/ Mer \u00e4n turism \u2013 uppt\u00e4ck Barcelonas sj\u00e4l\" \/>\n<meta property=\"og:url\" content=\"https:\/\/wheninbarcelona.adrirodrigoa1.es\/es\/\" \/>\n<meta property=\"og:site_name\" content=\"Upplev det \u00e4kta Barcelona\" \/>\n<meta property=\"article:modified_time\" content=\"2025-09-04T02:27:10+00:00\" \/>\n<meta name=\"twitter:card\" content=\"summary_large_image\" \/>\n<meta name=\"twitter:label1\" content=\"Tiempo de lectura\" \/>\n\t<meta name=\"twitter:data1\" content=\"3 minutos\" \/>\n<script type=\"application\/ld+json\" class=\"yoast-schema-graph\">{\"@context\":\"https:\\\/\\\/schema.org\",\"@graph\":[{\"@type\":\"WebPage\",\"@id\":\"https:\\\/\\\/wheninbarcelona.adrirodrigoa1.es\\\/\",\"url\":\"https:\\\/\\\/wheninbarcelona.adrirodrigoa1.es\\\/\",\"name\":\"starta - Upplev det \u00e4kta Barcelona\",\"isPartOf\":{\"@id\":\"https:\\\/\\\/wheninbarcelona.adrirodrigoa1.es\\\/#website\"},\"datePublished\":\"2025-06-19T14:39:29+00:00\",\"dateModified\":\"2025-09-04T02:27:10+00:00\",\"breadcrumb\":{\"@id\":\"https:\\\/\\\/wheninbarcelona.adrirodrigoa1.es\\\/#breadcrumb\"},\"inLanguage\":\"es-AR\",\"potentialAction\":[{\"@type\":\"ReadAction\",\"target\":[\"https:\\\/\\\/wheninbarcelona.adrirodrigoa1.es\\\/\"]}]},{\"@type\":\"BreadcrumbList\",\"@id\":\"https:\\\/\\\/wheninbarcelona.adrirodrigoa1.es\\\/#breadcrumb\",\"itemListElement\":[{\"@type\":\"ListItem\",\"position\":1,\"name\":\"Portada\",\"item\":\"https:\\\/\\\/wheninbarcelona.adrirodrigoa1.es\\\/\"},{\"@type\":\"ListItem\",\"position\":2,\"name\":\"starta\"}]},{\"@type\":\"WebSite\",\"@id\":\"https:\\\/\\\/wheninbarcelona.adrirodrigoa1.es\\\/#website\",\"url\":\"https:\\\/\\\/wheninbarcelona.adrirodrigoa1.es\\\/\",\"name\":\"Upplev det \u00e4kta Barcelona\",\"description\":\"\",\"publisher\":{\"@id\":\"https:\\\/\\\/wheninbarcelona.adrirodrigoa1.es\\\/#organization\"},\"potentialAction\":[{\"@type\":\"SearchAction\",\"target\":{\"@type\":\"EntryPoint\",\"urlTemplate\":\"https:\\\/\\\/wheninbarcelona.adrirodrigoa1.es\\\/?s={search_term_string}\"},\"query-input\":{\"@type\":\"PropertyValueSpecification\",\"valueRequired\":true,\"valueName\":\"search_term_string\"}}],\"inLanguage\":\"es-AR\"},{\"@type\":\"Organization\",\"@id\":\"https:\\\/\\\/wheninbarcelona.adrirodrigoa1.es\\\/#organization\",\"name\":\"Upplev det \u00e4kta Barcelona\",\"url\":\"https:\\\/\\\/wheninbarcelona.adrirodrigoa1.es\\\/\",\"logo\":{\"@type\":\"ImageObject\",\"inLanguage\":\"es-AR\",\"@id\":\"https:\\\/\\\/wheninbarcelona.adrirodrigoa1.es\\\/#\\\/schema\\\/logo\\\/image\\\/\",\"url\":\"https:\\\/\\\/wheninbarcelona.adrirodrigoa1.es\\\/wp-content\\\/uploads\\\/2025\\\/09\\\/primery-transparent-logo.webp\",\"contentUrl\":\"https:\\\/\\\/wheninbarcelona.adrirodrigoa1.es\\\/wp-content\\\/uploads\\\/2025\\\/09\\\/primery-transparent-logo.webp\",\"width\":998,\"height\":253,\"caption\":\"Upplev det \u00e4kta Barcelona\"},\"image\":{\"@id\":\"https:\\\/\\\/wheninbarcelona.adrirodrigoa1.es\\\/#\\\/schema\\\/logo\\\/image\\\/\"}}]}<\/script>\n<!-- \/ Yoast SEO plugin. -->","yoast_head_json":{"title":"starta - Upplev det \u00e4kta Barcelona","robots":{"index":"noindex","follow":"follow","max-snippet":"max-snippet:-1","max-image-preview":"max-image-preview:large","max-video-preview":"max-video-preview:-1"},"og_locale":"es_ES","og_type":"article","og_title":"starta - Upplev det \u00e4kta Barcelona","og_description":"Upplev det \u00e4kta Barcelona skr\u00e4ddarsydda&nbsp;turer&nbsp;och&nbsp; unika&nbsp;evenemang \/ Din nyckel till Barcelonas dolda skatter. \/ Boutiqueupplevelser n\u00e4ra det lokala livet. \/ Mer \u00e4n turism \u2013 uppt\u00e4ck Barcelonas sj\u00e4l \/ Din nyckel till Barcelonas dolda skatter. \/ Boutiqueupplevelser n\u00e4ra det lokala livet. \/ Mer \u00e4n turism \u2013 uppt\u00e4ck Barcelonas sj\u00e4l","og_url":"https:\/\/wheninbarcelona.adrirodrigoa1.es\/es\/","og_site_name":"Upplev det \u00e4kta Barcelona","article_modified_time":"2025-09-04T02:27:10+00:00","twitter_card":"summary_large_image","twitter_misc":{"Tiempo de lectura":"3 minutos"},"schema":{"@context":"https:\/\/schema.org","@graph":[{"@type":"WebPage","@id":"https:\/\/wheninbarcelona.adrirodrigoa1.es\/","url":"https:\/\/wheninbarcelona.adrirodrigoa1.es\/","name":"starta - Upplev det \u00e4kta Barcelona","isPartOf":{"@id":"https:\/\/wheninbarcelona.adrirodrigoa1.es\/#website"},"datePublished":"2025-06-19T14:39:29+00:00","dateModified":"2025-09-04T02:27:10+00:00","breadcrumb":{"@id":"https:\/\/wheninbarcelona.adrirodrigoa1.es\/#breadcrumb"},"inLanguage":"es-AR","potentialAction":[{"@type":"ReadAction","target":["https:\/\/wheninbarcelona.adrirodrigoa1.es\/"]}]},{"@type":"BreadcrumbList","@id":"https:\/\/wheninbarcelona.adrirodrigoa1.es\/#breadcrumb","itemListElement":[{"@type":"ListItem","position":1,"name":"Portada","item":"https:\/\/wheninbarcelona.adrirodrigoa1.es\/"},{"@type":"ListItem","position":2,"name":"starta"}]},{"@type":"WebSite","@id":"https:\/\/wheninbarcelona.adrirodrigoa1.es\/#website","url":"https:\/\/wheninbarcelona.adrirodrigoa1.es\/","name":"Vive la aut\u00e9ntica Barcelona","description":"","publisher":{"@id":"https:\/\/wheninbarcelona.adrirodrigoa1.es\/#organization"},"potentialAction":[{"@type":"SearchAction","target":{"@type":"EntryPoint","urlTemplate":"https:\/\/wheninbarcelona.adrirodrigoa1.es\/?s={search_term_string}"},"query-input":{"@type":"PropertyValueSpecification","valueRequired":true,"valueName":"search_term_string"}}],"inLanguage":"es-AR"},{"@type":"Organization","@id":"https:\/\/wheninbarcelona.adrirodrigoa1.es\/#organization","name":"Vive la aut\u00e9ntica Barcelona","url":"https:\/\/wheninbarcelona.adrirodrigoa1.es\/","logo":{"@type":"ImageObject","inLanguage":"es-AR","@id":"https:\/\/wheninbarcelona.adrirodrigoa1.es\/#\/schema\/logo\/image\/","url":"https:\/\/wheninbarcelona.adrirodrigoa1.es\/wp-content\/uploads\/2025\/09\/primery-transparent-logo.webp","contentUrl":"https:\/\/wheninbarcelona.adrirodrigoa1.es\/wp-content\/uploads\/2025\/09\/primery-transparent-logo.webp","width":998,"height":253,"caption":"Upplev det \u00e4kta Barcelona"},"image":{"@id":"https:\/\/wheninbarcelona.adrirodrigoa1.es\/#\/schema\/logo\/image\/"}}]}},"_links":{"self":[{"href":"https:\/\/wheninbarcelona.adrirodrigoa1.es\/es\/wp-json\/wp\/v2\/pages\/2","targetHints":{"allow":["GET"]}}],"collection":[{"href":"https:\/\/wheninbarcelona.adrirodrigoa1.es\/es\/wp-json\/wp\/v2\/pages"}],"about":[{"href":"https:\/\/wheninbarcelona.adrirodrigoa1.es\/es\/wp-json\/wp\/v2\/types\/page"}],"author":[{"embeddable":true,"href":"https:\/\/wheninbarcelona.adrirodrigoa1.es\/es\/wp-json\/wp\/v2\/users\/2"}],"replies":[{"embeddable":true,"href":"https:\/\/wheninbarcelona.adrirodrigoa1.es\/es\/wp-json\/wp\/v2\/comments?post=2"}],"version-history":[{"count":41,"href":"https:\/\/wheninbarcelona.adrirodrigoa1.es\/es\/wp-json\/wp\/v2\/pages\/2\/revisions"}],"predecessor-version":[{"id":441,"href":"https:\/\/wheninbarcelona.adrirodrigoa1.es\/es\/wp-json\/wp\/v2\/pages\/2\/revisions\/441"}],"wp:attachment":[{"href":"https:\/\/wheninbarcelona.adrirodrigoa1.es\/es\/wp-json\/wp\/v2\/media?parent=2"}],"curies":[{"name":"wp","href":"https:\/\/api.w.org\/{rel}","templated":true}]}}