{"id":45,"date":"2025-09-02T09:07:34","date_gmt":"2025-09-02T07:07:34","guid":{"rendered":"https:\/\/wheninbarcelona.adrirodrigoa1.es\/?page_id=45"},"modified":"2025-09-10T19:33:41","modified_gmt":"2025-09-10T17:33:41","slug":"event","status":"publish","type":"page","link":"https:\/\/wheninbarcelona.adrirodrigoa1.es\/es\/event\/","title":{"rendered":"Evento"},"content":{"rendered":"<div data-elementor-type=\"wp-page\" data-elementor-id=\"45\" class=\"elementor elementor-45\" data-elementor-post-type=\"page\">\n\t\t\t\t\t\t<section class=\"elementor-section elementor-top-section elementor-element elementor-element-63887489 elementor-section-height-min-height elementor-section-boxed elementor-section-height-default elementor-section-items-middle\" data-id=\"63887489\" data-element_type=\"section\" data-e-type=\"section\" data-settings=\"{&quot;background_background&quot;:&quot;classic&quot;}\">\n\t\t\t\t\t\t\t<div class=\"elementor-background-overlay\"><\/div>\n\t\t\t\t\t\t\t<div class=\"elementor-container elementor-column-gap-default\">\n\t\t\t\t\t<div class=\"elementor-column elementor-col-100 elementor-top-column elementor-element elementor-element-2e0c5755\" data-id=\"2e0c5755\" data-element_type=\"column\" data-e-type=\"column\">\n\t\t\t<div class=\"elementor-widget-wrap elementor-element-populated\">\n\t\t\t\t\t\t<section class=\"elementor-section elementor-inner-section elementor-element elementor-element-2787141 elementor-section-boxed elementor-section-height-default elementor-section-height-default\" data-id=\"2787141\" data-element_type=\"section\" data-e-type=\"section\">\n\t\t\t\t\t\t<div class=\"elementor-container elementor-column-gap-default\">\n\t\t\t\t\t<div class=\"elementor-column elementor-col-50 elementor-inner-column elementor-element elementor-element-1f9cd8b5 animated-fast elementor-invisible\" data-id=\"1f9cd8b5\" data-element_type=\"column\" data-e-type=\"column\" data-settings=\"{&quot;animation&quot;:&quot;fadeIn&quot;}\">\n\t\t\t<div class=\"elementor-widget-wrap elementor-element-populated\">\n\t\t\t\t\t\t<div class=\"elementor-element elementor-element-37fe33 elementor-invisible elementor-widget elementor-widget-heading\" data-id=\"37fe33\" data-element_type=\"widget\" data-e-type=\"widget\" data-settings=\"{&quot;_animation&quot;:&quot;fadeInDown&quot;,&quot;_animation_delay&quot;:1000}\" data-widget_type=\"heading.default\">\n\t\t\t\t<div class=\"elementor-widget-container\">\n\t\t\t\t\t<h1 class=\"elementor-heading-title elementor-size-default\">EVENTO EN BARCELONA\n<\/h1>\t\t\t\t<\/div>\n\t\t\t\t<\/div>\n\t\t\t\t<div class=\"elementor-element elementor-element-77198405 elementor-widget__width-auto elementor-widget elementor-widget-heading\" data-id=\"77198405\" data-element_type=\"widget\" data-e-type=\"widget\" data-widget_type=\"heading.default\">\n\t\t\t\t<div class=\"elementor-widget-container\">\n\t\t\t\t\t<h2 class=\"elementor-heading-title elementor-size-default\"><a href=\"https:\/\/wheninbarcelona.adrirodrigoa1.es\/es\/om-oss\/kontakt\/\">CONTACTO<\/a><\/h2>\t\t\t\t<\/div>\n\t\t\t\t<\/div>\n\t\t\t\t\t<\/div>\n\t\t<\/div>\n\t\t\t\t<div class=\"elementor-column elementor-col-50 elementor-inner-column elementor-element elementor-element-33cd8a98 elementor-hidden-phone\" data-id=\"33cd8a98\" data-element_type=\"column\" data-e-type=\"column\">\n\t\t\t<div class=\"elementor-widget-wrap\">\n\t\t\t\t\t\t\t<\/div>\n\t\t<\/div>\n\t\t\t\t\t<\/div>\n\t\t<\/section>\n\t\t\t\t\t<\/div>\n\t\t<\/div>\n\t\t\t\t\t<\/div>\n\t\t<\/section>\n\t\t\t\t<section class=\"elementor-section elementor-top-section elementor-element elementor-element-22cec45 elementor-section-full_width animated-fast elementor-section-height-default elementor-section-height-default\" data-id=\"22cec45\" data-element_type=\"section\" data-e-type=\"section\" data-settings=\"{&quot;background_background&quot;:&quot;classic&quot;,&quot;animation&quot;:&quot;none&quot;}\">\n\t\t\t\t\t\t\t<div class=\"elementor-background-overlay\"><\/div>\n\t\t\t\t\t\t\t<div class=\"elementor-container elementor-column-gap-default\">\n\t\t\t\t\t<div class=\"elementor-column elementor-col-100 elementor-top-column elementor-element elementor-element-cf71262\" data-id=\"cf71262\" data-element_type=\"column\" data-e-type=\"column\" data-settings=\"{&quot;background_background&quot;:&quot;classic&quot;}\">\n\t\t\t<div class=\"elementor-widget-wrap elementor-element-populated\">\n\t\t\t\t\t\t<div class=\"elementor-element elementor-element-318737b elementor-widget elementor-widget-qi_addons_for_elementor_text_marquee\" data-id=\"318737b\" data-element_type=\"widget\" data-e-type=\"widget\" data-widget_type=\"qi_addons_for_elementor_text_marquee.default\">\n\t\t\t\t<div class=\"elementor-widget-container\">\n\t\t\t\t\t<div class=\"qodef-shortcode qodef-m qodef-qi-text-marquee qodef-layout--default\">\n\t<div class=\"qodef-m-content\">\n\t\t<div class=\"qodef-m-text qodef-text--original\">\n\t\t\t\t\t\t\t<span class=\"qodef-m-text-item elementor-repeater-item-618c0b1\" >\/<\/span>\n\t\t\t\t\t\t\t\t\t\t\t<span class=\"qodef-m-text-item elementor-repeater-item-862a9ee\" > Su llave a los tesoros ocultos de Barcelona\n<\/span>\n\t\t\t\t\t\t\t\t\t\t\t<span class=\"qodef-m-text-item elementor-repeater-item-46a328b\" >\/<\/span>\n\t\t\t\t\t\t\t\t\t\t\t<span class=\"qodef-m-text-item elementor-repeater-item-b4436d4\" >Experiencias boutique cercanas a la vida local<\/span>\n\t\t\t\t\t\t\t\t\t\t\t<span class=\"qodef-m-text-item elementor-repeater-item-12b6c38\" >\/<\/span>\n\t\t\t\t\t\t\t\t\t\t\t<span class=\"qodef-m-text-item elementor-repeater-item-eb17735\" >M\u00e1s que turismo: descubra el alma de Barcelona<\/span>\n\t\t\t\t\t\t\t\t\t<\/div>\n\t\t<div class=\"qodef-m-text qodef-text--copy\">\n\t\t\t\t\t\t\t<span class=\"qodef-m-text-item elementor-repeater-item-618c0b1\" >\/<\/span>\n\t\t\t\t\t\t\t\t\t\t\t<span class=\"qodef-m-text-item elementor-repeater-item-862a9ee\" > Su llave a los tesoros ocultos de Barcelona\n<\/span>\n\t\t\t\t\t\t\t\t\t\t\t<span class=\"qodef-m-text-item elementor-repeater-item-46a328b\" >\/<\/span>\n\t\t\t\t\t\t\t\t\t\t\t<span class=\"qodef-m-text-item elementor-repeater-item-b4436d4\" >Experiencias boutique cercanas a la vida local<\/span>\n\t\t\t\t\t\t\t\t\t\t\t<span class=\"qodef-m-text-item elementor-repeater-item-12b6c38\" >\/<\/span>\n\t\t\t\t\t\t\t\t\t\t\t<span class=\"qodef-m-text-item elementor-repeater-item-eb17735\" >M\u00e1s que turismo: descubra el alma de Barcelona<\/span>\n\t\t\t\t\t\t\t\t\t<\/div>\n\t<\/div>\n<\/div>\n\t\t\t\t<\/div>\n\t\t\t\t<\/div>\n\t\t\t\t\t<\/div>\n\t\t<\/div>\n\t\t\t\t\t<\/div>\n\t\t<\/section>\n\t\t<div class=\"elementor-element elementor-element-e47e082 e-flex e-con-boxed elementor-invisible e-con e-parent\" data-id=\"e47e082\" data-element_type=\"container\" data-e-type=\"container\" data-settings=\"{&quot;animation&quot;:&quot;fadeInUp&quot;,&quot;animation_delay&quot;:1000}\">\n\t\t\t\t\t<div class=\"e-con-inner\">\n\t\t\t\t<div class=\"elementor-element elementor-element-fc14e95 animated-fast elementor-invisible elementor-widget elementor-widget-heading\" data-id=\"fc14e95\" data-element_type=\"widget\" data-e-type=\"widget\" data-settings=\"{&quot;_animation&quot;:&quot;fadeIn&quot;}\" data-widget_type=\"heading.default\">\n\t\t\t\t<div class=\"elementor-widget-container\">\n\t\t\t\t\t<h2 class=\"elementor-heading-title elementor-size-default\">EVENTO EN BARCELONA<\/h2>\t\t\t\t<\/div>\n\t\t\t\t<\/div>\n\t\t\t\t<div class=\"elementor-element elementor-element-8194939 animated-fast elementor-widget-divider--view-line elementor-invisible elementor-widget elementor-widget-divider\" data-id=\"8194939\" data-element_type=\"widget\" data-e-type=\"widget\" data-settings=\"{&quot;_animation&quot;:&quot;fadeIn&quot;}\" data-widget_type=\"divider.default\">\n\t\t\t\t<div class=\"elementor-widget-container\">\n\t\t\t\t\t\t\t<div class=\"elementor-divider\">\n\t\t\t<span class=\"elementor-divider-separator\">\n\t\t\t\t\t\t<\/span>\n\t\t<\/div>\n\t\t\t\t\t\t<\/div>\n\t\t\t\t<\/div>\n\t\t\t\t<div class=\"elementor-element elementor-element-3bfdb37 animated-fast elementor-invisible elementor-widget elementor-widget-text-editor\" data-id=\"3bfdb37\" data-element_type=\"widget\" data-e-type=\"widget\" data-settings=\"{&quot;_animation&quot;:&quot;fadeIn&quot;,&quot;_animation_delay&quot;:200}\" data-widget_type=\"text-editor.default\">\n\t\t\t\t<div class=\"elementor-widget-container\">\n\t\t\t\t\t\t\t\t\t<p class=\"wsite-content-title\">Cuando se organizan conferencias, eventos, bodas u otros actos en otro pa\u00eds, puede ser bueno tener a alguien in situ que conozca el idioma y la ciudad. Tenemos muchos a\u00f1os de experiencia en la organizaci\u00f3n de todo tipo de eventos en Barcelona, ning\u00fan evento es demasiado peque\u00f1o o demasiado grande. Ponemos gran \u00e9nfasis en adaptar los paquetes a los requisitos espec\u00edficos del cliente. Si necesita ayuda para organizar un evento, p\u00f3ngase en contacto con nosotros\u00a0<u><a href=\"mailto:ida@wheninbarcelona.com\">aqu\u00ed<\/a><\/u><\/p>\t\t\t\t\t\t\t\t<\/div>\n\t\t\t\t<\/div>\n\t\t\t\t<div class=\"elementor-element elementor-element-7afc78e elementor-widget elementor-widget-gallery\" data-id=\"7afc78e\" data-element_type=\"widget\" data-e-type=\"widget\" data-settings=\"{&quot;gallery_layout&quot;:&quot;masonry&quot;,&quot;columns&quot;:2,&quot;lazyload&quot;:&quot;yes&quot;,&quot;columns_tablet&quot;:2,&quot;columns_mobile&quot;:1,&quot;gap&quot;:{&quot;unit&quot;:&quot;px&quot;,&quot;size&quot;:10,&quot;sizes&quot;:[]},&quot;gap_tablet&quot;:{&quot;unit&quot;:&quot;px&quot;,&quot;size&quot;:10,&quot;sizes&quot;:[]},&quot;gap_mobile&quot;:{&quot;unit&quot;:&quot;px&quot;,&quot;size&quot;:10,&quot;sizes&quot;:[]},&quot;link_to&quot;:&quot;file&quot;,&quot;overlay_background&quot;:&quot;yes&quot;,&quot;content_hover_animation&quot;:&quot;fade-in&quot;}\" data-widget_type=\"gallery.default\">\n\t\t\t\t<div class=\"elementor-widget-container\">\n\t\t\t\t\t\t\t<div class=\"elementor-gallery__container\">\n\t\t\t\t\t\t\t<a class=\"e-gallery-item elementor-gallery-item elementor-animated-content\" href=\"https:\/\/wheninbarcelona.adrirodrigoa1.es\/wp-content\/uploads\/2025\/09\/piscina_4_orig.webp\" data-elementor-open-lightbox=\"yes\" data-elementor-lightbox-slideshow=\"7afc78e\" data-elementor-lightbox-title=\"piscina_4_orig\" data-e-action-hash=\"#elementor-action%3Aaction%3Dlightbox%26settings%3DeyJpZCI6MjcyLCJ1cmwiOiJodHRwczpcL1wvd2hlbmluYmFyY2Vsb25hLmFkcmlyb2RyaWdvYTEuZXNcL3dwLWNvbnRlbnRcL3VwbG9hZHNcLzIwMjVcLzA5XC9waXNjaW5hXzRfb3JpZy53ZWJwIiwic2xpZGVzaG93IjoiN2FmYzc4ZSJ9\">\n\t\t\t\t\t<div class=\"e-gallery-image elementor-gallery-item__image\" data-thumbnail=\"https:\/\/wheninbarcelona.adrirodrigoa1.es\/wp-content\/uploads\/2025\/09\/piscina_4_orig-1024x681.webp\" data-width=\"800\" data-height=\"532\" aria-label=\"\" role=\"img\" ><\/div>\n\t\t\t\t\t\t\t\t\t\t\t<div class=\"elementor-gallery-item__overlay\"><\/div>\n\t\t\t\t\t\t\t\t\t\t\t\t\t\t<\/a>\n\t\t\t\t\t\t\t<a class=\"e-gallery-item elementor-gallery-item elementor-animated-content\" href=\"https:\/\/wheninbarcelona.adrirodrigoa1.es\/wp-content\/uploads\/2025\/09\/wedding-colour-039_4_orig.webp\" data-elementor-open-lightbox=\"yes\" data-elementor-lightbox-slideshow=\"7afc78e\" data-elementor-lightbox-title=\"wedding-colour-039_4_orig\" data-e-action-hash=\"#elementor-action%3Aaction%3Dlightbox%26settings%3DeyJpZCI6MjczLCJ1cmwiOiJodHRwczpcL1wvd2hlbmluYmFyY2Vsb25hLmFkcmlyb2RyaWdvYTEuZXNcL3dwLWNvbnRlbnRcL3VwbG9hZHNcLzIwMjVcLzA5XC93ZWRkaW5nLWNvbG91ci0wMzlfNF9vcmlnLndlYnAiLCJzbGlkZXNob3ciOiI3YWZjNzhlIn0%3D\">\n\t\t\t\t\t<div class=\"e-gallery-image elementor-gallery-item__image\" data-thumbnail=\"https:\/\/wheninbarcelona.adrirodrigoa1.es\/wp-content\/uploads\/2025\/09\/wedding-colour-039_4_orig.webp\" data-width=\"533\" data-height=\"800\" aria-label=\"\" role=\"img\" ><\/div>\n\t\t\t\t\t\t\t\t\t\t\t<div class=\"elementor-gallery-item__overlay\"><\/div>\n\t\t\t\t\t\t\t\t\t\t\t\t\t\t<\/a>\n\t\t\t\t\t\t\t<a class=\"e-gallery-item elementor-gallery-item elementor-animated-content\" href=\"https:\/\/wheninbarcelona.adrirodrigoa1.es\/wp-content\/uploads\/2025\/09\/1980-01-01-00-00-25_3_orig.webp\" data-elementor-open-lightbox=\"yes\" data-elementor-lightbox-slideshow=\"7afc78e\" data-elementor-lightbox-title=\"1980-01-01-00-00-25_3_orig\" data-e-action-hash=\"#elementor-action%3Aaction%3Dlightbox%26settings%3DeyJpZCI6Mjc0LCJ1cmwiOiJodHRwczpcL1wvd2hlbmluYmFyY2Vsb25hLmFkcmlyb2RyaWdvYTEuZXNcL3dwLWNvbnRlbnRcL3VwbG9hZHNcLzIwMjVcLzA5XC8xOTgwLTAxLTAxLTAwLTAwLTI1XzNfb3JpZy53ZWJwIiwic2xpZGVzaG93IjoiN2FmYzc4ZSJ9\">\n\t\t\t\t\t<div class=\"e-gallery-image elementor-gallery-item__image\" data-thumbnail=\"https:\/\/wheninbarcelona.adrirodrigoa1.es\/wp-content\/uploads\/2025\/09\/1980-01-01-00-00-25_3_orig-1024x768.webp\" data-width=\"800\" data-height=\"600\" aria-label=\"\" role=\"img\" ><\/div>\n\t\t\t\t\t\t\t\t\t\t\t<div class=\"elementor-gallery-item__overlay\"><\/div>\n\t\t\t\t\t\t\t\t\t\t\t\t\t\t<\/a>\n\t\t\t\t\t\t\t<a class=\"e-gallery-item elementor-gallery-item elementor-animated-content\" href=\"https:\/\/wheninbarcelona.adrirodrigoa1.es\/wp-content\/uploads\/2025\/09\/11011874-10153367237847888-3782056045786762603-o_3_orig.webp\" data-elementor-open-lightbox=\"yes\" data-elementor-lightbox-slideshow=\"7afc78e\" data-elementor-lightbox-title=\"11011874-10153367237847888-3782056045786762603-o_3_orig\" data-e-action-hash=\"#elementor-action%3Aaction%3Dlightbox%26settings%3DeyJpZCI6Mjc1LCJ1cmwiOiJodHRwczpcL1wvd2hlbmluYmFyY2Vsb25hLmFkcmlyb2RyaWdvYTEuZXNcL3dwLWNvbnRlbnRcL3VwbG9hZHNcLzIwMjVcLzA5XC8xMTAxMTg3NC0xMDE1MzM2NzIzNzg0Nzg4OC0zNzgyMDU2MDQ1Nzg2NzYyNjAzLW9fM19vcmlnLndlYnAiLCJzbGlkZXNob3ciOiI3YWZjNzhlIn0%3D\">\n\t\t\t\t\t<div class=\"e-gallery-image elementor-gallery-item__image\" data-thumbnail=\"https:\/\/wheninbarcelona.adrirodrigoa1.es\/wp-content\/uploads\/2025\/09\/11011874-10153367237847888-3782056045786762603-o_3_orig-1024x753.webp\" data-width=\"800\" data-height=\"588\" aria-label=\"\" role=\"img\" ><\/div>\n\t\t\t\t\t\t\t\t\t\t\t<div class=\"elementor-gallery-item__overlay\"><\/div>\n\t\t\t\t\t\t\t\t\t\t\t\t\t\t<\/a>\n\t\t\t\t\t\t\t<a class=\"e-gallery-item elementor-gallery-item elementor-animated-content\" href=\"https:\/\/wheninbarcelona.adrirodrigoa1.es\/wp-content\/uploads\/2025\/09\/12274638-1001879806531649-480575320085052803-n_3_orig.webp\" data-elementor-open-lightbox=\"yes\" data-elementor-lightbox-slideshow=\"7afc78e\" data-elementor-lightbox-title=\"12274638-1001879806531649-480575320085052803-n_3_orig\" data-e-action-hash=\"#elementor-action%3Aaction%3Dlightbox%26settings%3DeyJpZCI6Mjc2LCJ1cmwiOiJodHRwczpcL1wvd2hlbmluYmFyY2Vsb25hLmFkcmlyb2RyaWdvYTEuZXNcL3dwLWNvbnRlbnRcL3VwbG9hZHNcLzIwMjVcLzA5XC8xMjI3NDYzOC0xMDAxODc5ODA2NTMxNjQ5LTQ4MDU3NTMyMDA4NTA1MjgwMy1uXzNfb3JpZy53ZWJwIiwic2xpZGVzaG93IjoiN2FmYzc4ZSJ9\">\n\t\t\t\t\t<div class=\"e-gallery-image elementor-gallery-item__image\" data-thumbnail=\"https:\/\/wheninbarcelona.adrirodrigoa1.es\/wp-content\/uploads\/2025\/09\/12274638-1001879806531649-480575320085052803-n_3_orig.webp\" data-width=\"720\" data-height=\"960\" aria-label=\"\" role=\"img\" ><\/div>\n\t\t\t\t\t\t\t\t\t\t\t<div class=\"elementor-gallery-item__overlay\"><\/div>\n\t\t\t\t\t\t\t\t\t\t\t\t\t\t<\/a>\n\t\t\t\t\t\t\t<a class=\"e-gallery-item elementor-gallery-item elementor-animated-content\" href=\"https:\/\/wheninbarcelona.adrirodrigoa1.es\/wp-content\/uploads\/2025\/09\/eleccion-de-catering-gourmet-en-tu-boda-los-mejores-944712716-1200x_3_orig.webp\" data-elementor-open-lightbox=\"yes\" data-elementor-lightbox-slideshow=\"7afc78e\" data-elementor-lightbox-title=\"eleccion-de-catering-gourmet-en-tu-boda-los-mejores-944712716-1200x_3_orig\" data-e-action-hash=\"#elementor-action%3Aaction%3Dlightbox%26settings%3DeyJpZCI6Mjc3LCJ1cmwiOiJodHRwczpcL1wvd2hlbmluYmFyY2Vsb25hLmFkcmlyb2RyaWdvYTEuZXNcL3dwLWNvbnRlbnRcL3VwbG9hZHNcLzIwMjVcLzA5XC9lbGVjY2lvbi1kZS1jYXRlcmluZy1nb3VybWV0LWVuLXR1LWJvZGEtbG9zLW1lam9yZXMtOTQ0NzEyNzE2LTEyMDB4XzNfb3JpZy53ZWJwIiwic2xpZGVzaG93IjoiN2FmYzc4ZSJ9\">\n\t\t\t\t\t<div class=\"e-gallery-image elementor-gallery-item__image\" data-thumbnail=\"https:\/\/wheninbarcelona.adrirodrigoa1.es\/wp-content\/uploads\/2025\/09\/eleccion-de-catering-gourmet-en-tu-boda-los-mejores-944712716-1200x_3_orig-1024x682.webp\" data-width=\"800\" data-height=\"533\" aria-label=\"\" role=\"img\" ><\/div>\n\t\t\t\t\t\t\t\t\t\t\t<div class=\"elementor-gallery-item__overlay\"><\/div>\n\t\t\t\t\t\t\t\t\t\t\t\t\t\t<\/a>\n\t\t\t\t\t<\/div>\n\t\t\t\t\t<\/div>\n\t\t\t\t<\/div>\n\t\t\t\t\t<\/div>\n\t\t\t\t<\/div>\n\t\t\t\t<\/div>","protected":false},"excerpt":{"rendered":"<p>EVENT I BARCELONA KONTAKT \/ Din nyckel till Barcelonas dolda skatter \/ Boutiqueupplevelser n\u00e4ra det lokala livet \/ Mer \u00e4n turism \u2013 uppt\u00e4ck Barcelonas sj\u00e4l \/ Din nyckel till Barcelonas dolda skatter \/ Boutiqueupplevelser n\u00e4ra det lokala livet \/ Mer \u00e4n turism \u2013 uppt\u00e4ck Barcelonas sj\u00e4l EVENT I BARCELONA Ved arrangering av konferanser, event, bryllup [&hellip;]<\/p>\n","protected":false},"author":7,"featured_media":0,"parent":0,"menu_order":0,"comment_status":"closed","ping_status":"closed","template":"","meta":{"footnotes":""},"class_list":["post-45","page","type-page","status-publish","hentry"],"yoast_head":"<!-- This site is optimized with the Yoast SEO plugin v27.4 - https:\/\/yoast.com\/product\/yoast-seo-wordpress\/ -->\n<title>Event - Upplev det \u00e4kta Barcelona<\/title>\n<meta name=\"robots\" content=\"noindex, follow, max-snippet:-1, max-image-preview:large, max-video-preview:-1\" \/>\n<meta property=\"og:locale\" content=\"es_ES\" \/>\n<meta property=\"og:type\" content=\"article\" \/>\n<meta property=\"og:title\" content=\"Event - Upplev det \u00e4kta Barcelona\" \/>\n<meta property=\"og:description\" content=\"EVENT I BARCELONA KONTAKT \/ Din nyckel till Barcelonas dolda skatter \/ Boutiqueupplevelser n\u00e4ra det lokala livet \/ Mer \u00e4n turism \u2013 uppt\u00e4ck Barcelonas sj\u00e4l \/ Din nyckel till Barcelonas dolda skatter \/ Boutiqueupplevelser n\u00e4ra det lokala livet \/ Mer \u00e4n turism \u2013 uppt\u00e4ck Barcelonas sj\u00e4l EVENT I BARCELONA Ved arrangering av konferanser, event, bryllup [&hellip;]\" \/>\n<meta property=\"og:url\" content=\"https:\/\/wheninbarcelona.adrirodrigoa1.es\/es\/event\/\" \/>\n<meta property=\"og:site_name\" content=\"Upplev det \u00e4kta Barcelona\" \/>\n<meta property=\"article:modified_time\" content=\"2025-09-10T17:33:41+00:00\" \/>\n<meta name=\"twitter:card\" content=\"summary_large_image\" \/>\n<meta name=\"twitter:label1\" content=\"Tiempo de lectura\" \/>\n\t<meta name=\"twitter:data1\" content=\"1 minuto\" \/>\n<script type=\"application\/ld+json\" class=\"yoast-schema-graph\">{\"@context\":\"https:\\\/\\\/schema.org\",\"@graph\":[{\"@type\":\"WebPage\",\"@id\":\"https:\\\/\\\/wheninbarcelona.adrirodrigoa1.es\\\/event\\\/\",\"url\":\"https:\\\/\\\/wheninbarcelona.adrirodrigoa1.es\\\/event\\\/\",\"name\":\"Event - Upplev det \u00e4kta Barcelona\",\"isPartOf\":{\"@id\":\"https:\\\/\\\/wheninbarcelona.adrirodrigoa1.es\\\/#website\"},\"datePublished\":\"2025-09-02T07:07:34+00:00\",\"dateModified\":\"2025-09-10T17:33:41+00:00\",\"breadcrumb\":{\"@id\":\"https:\\\/\\\/wheninbarcelona.adrirodrigoa1.es\\\/event\\\/#breadcrumb\"},\"inLanguage\":\"es-AR\",\"potentialAction\":[{\"@type\":\"ReadAction\",\"target\":[\"https:\\\/\\\/wheninbarcelona.adrirodrigoa1.es\\\/event\\\/\"]}]},{\"@type\":\"BreadcrumbList\",\"@id\":\"https:\\\/\\\/wheninbarcelona.adrirodrigoa1.es\\\/event\\\/#breadcrumb\",\"itemListElement\":[{\"@type\":\"ListItem\",\"position\":1,\"name\":\"Portada\",\"item\":\"https:\\\/\\\/wheninbarcelona.adrirodrigoa1.es\\\/\"},{\"@type\":\"ListItem\",\"position\":2,\"name\":\"Event\"}]},{\"@type\":\"WebSite\",\"@id\":\"https:\\\/\\\/wheninbarcelona.adrirodrigoa1.es\\\/#website\",\"url\":\"https:\\\/\\\/wheninbarcelona.adrirodrigoa1.es\\\/\",\"name\":\"Upplev det \u00e4kta Barcelona\",\"description\":\"\",\"publisher\":{\"@id\":\"https:\\\/\\\/wheninbarcelona.adrirodrigoa1.es\\\/#organization\"},\"potentialAction\":[{\"@type\":\"SearchAction\",\"target\":{\"@type\":\"EntryPoint\",\"urlTemplate\":\"https:\\\/\\\/wheninbarcelona.adrirodrigoa1.es\\\/?s={search_term_string}\"},\"query-input\":{\"@type\":\"PropertyValueSpecification\",\"valueRequired\":true,\"valueName\":\"search_term_string\"}}],\"inLanguage\":\"es-AR\"},{\"@type\":\"Organization\",\"@id\":\"https:\\\/\\\/wheninbarcelona.adrirodrigoa1.es\\\/#organization\",\"name\":\"Upplev det \u00e4kta Barcelona\",\"url\":\"https:\\\/\\\/wheninbarcelona.adrirodrigoa1.es\\\/\",\"logo\":{\"@type\":\"ImageObject\",\"inLanguage\":\"es-AR\",\"@id\":\"https:\\\/\\\/wheninbarcelona.adrirodrigoa1.es\\\/#\\\/schema\\\/logo\\\/image\\\/\",\"url\":\"https:\\\/\\\/wheninbarcelona.adrirodrigoa1.es\\\/wp-content\\\/uploads\\\/2025\\\/09\\\/primery-transparent-logo.webp\",\"contentUrl\":\"https:\\\/\\\/wheninbarcelona.adrirodrigoa1.es\\\/wp-content\\\/uploads\\\/2025\\\/09\\\/primery-transparent-logo.webp\",\"width\":998,\"height\":253,\"caption\":\"Upplev det \u00e4kta Barcelona\"},\"image\":{\"@id\":\"https:\\\/\\\/wheninbarcelona.adrirodrigoa1.es\\\/#\\\/schema\\\/logo\\\/image\\\/\"}}]}<\/script>\n<!-- \/ Yoast SEO plugin. -->","yoast_head_json":{"title":"Event - Upplev det \u00e4kta Barcelona","robots":{"index":"noindex","follow":"follow","max-snippet":"max-snippet:-1","max-image-preview":"max-image-preview:large","max-video-preview":"max-video-preview:-1"},"og_locale":"es_ES","og_type":"article","og_title":"Event - Upplev det \u00e4kta Barcelona","og_description":"EVENT I BARCELONA KONTAKT \/ Din nyckel till Barcelonas dolda skatter \/ Boutiqueupplevelser n\u00e4ra det lokala livet \/ Mer \u00e4n turism \u2013 uppt\u00e4ck Barcelonas sj\u00e4l \/ Din nyckel till Barcelonas dolda skatter \/ Boutiqueupplevelser n\u00e4ra det lokala livet \/ Mer \u00e4n turism \u2013 uppt\u00e4ck Barcelonas sj\u00e4l EVENT I BARCELONA Ved arrangering av konferanser, event, bryllup [&hellip;]","og_url":"https:\/\/wheninbarcelona.adrirodrigoa1.es\/es\/event\/","og_site_name":"Upplev det \u00e4kta Barcelona","article_modified_time":"2025-09-10T17:33:41+00:00","twitter_card":"summary_large_image","twitter_misc":{"Tiempo de lectura":"1 minuto"},"schema":{"@context":"https:\/\/schema.org","@graph":[{"@type":"WebPage","@id":"https:\/\/wheninbarcelona.adrirodrigoa1.es\/event\/","url":"https:\/\/wheninbarcelona.adrirodrigoa1.es\/event\/","name":"Event - Upplev det \u00e4kta Barcelona","isPartOf":{"@id":"https:\/\/wheninbarcelona.adrirodrigoa1.es\/#website"},"datePublished":"2025-09-02T07:07:34+00:00","dateModified":"2025-09-10T17:33:41+00:00","breadcrumb":{"@id":"https:\/\/wheninbarcelona.adrirodrigoa1.es\/event\/#breadcrumb"},"inLanguage":"es-AR","potentialAction":[{"@type":"ReadAction","target":["https:\/\/wheninbarcelona.adrirodrigoa1.es\/event\/"]}]},{"@type":"BreadcrumbList","@id":"https:\/\/wheninbarcelona.adrirodrigoa1.es\/event\/#breadcrumb","itemListElement":[{"@type":"ListItem","position":1,"name":"Portada","item":"https:\/\/wheninbarcelona.adrirodrigoa1.es\/"},{"@type":"ListItem","position":2,"name":"Event"}]},{"@type":"WebSite","@id":"https:\/\/wheninbarcelona.adrirodrigoa1.es\/#website","url":"https:\/\/wheninbarcelona.adrirodrigoa1.es\/","name":"Vive la aut\u00e9ntica Barcelona","description":"","publisher":{"@id":"https:\/\/wheninbarcelona.adrirodrigoa1.es\/#organization"},"potentialAction":[{"@type":"SearchAction","target":{"@type":"EntryPoint","urlTemplate":"https:\/\/wheninbarcelona.adrirodrigoa1.es\/?s={search_term_string}"},"query-input":{"@type":"PropertyValueSpecification","valueRequired":true,"valueName":"search_term_string"}}],"inLanguage":"es-AR"},{"@type":"Organization","@id":"https:\/\/wheninbarcelona.adrirodrigoa1.es\/#organization","name":"Vive la aut\u00e9ntica Barcelona","url":"https:\/\/wheninbarcelona.adrirodrigoa1.es\/","logo":{"@type":"ImageObject","inLanguage":"es-AR","@id":"https:\/\/wheninbarcelona.adrirodrigoa1.es\/#\/schema\/logo\/image\/","url":"https:\/\/wheninbarcelona.adrirodrigoa1.es\/wp-content\/uploads\/2025\/09\/primery-transparent-logo.webp","contentUrl":"https:\/\/wheninbarcelona.adrirodrigoa1.es\/wp-content\/uploads\/2025\/09\/primery-transparent-logo.webp","width":998,"height":253,"caption":"Upplev det \u00e4kta Barcelona"},"image":{"@id":"https:\/\/wheninbarcelona.adrirodrigoa1.es\/#\/schema\/logo\/image\/"}}]}},"_links":{"self":[{"href":"https:\/\/wheninbarcelona.adrirodrigoa1.es\/es\/wp-json\/wp\/v2\/pages\/45","targetHints":{"allow":["GET"]}}],"collection":[{"href":"https:\/\/wheninbarcelona.adrirodrigoa1.es\/es\/wp-json\/wp\/v2\/pages"}],"about":[{"href":"https:\/\/wheninbarcelona.adrirodrigoa1.es\/es\/wp-json\/wp\/v2\/types\/page"}],"author":[{"embeddable":true,"href":"https:\/\/wheninbarcelona.adrirodrigoa1.es\/es\/wp-json\/wp\/v2\/users\/7"}],"replies":[{"embeddable":true,"href":"https:\/\/wheninbarcelona.adrirodrigoa1.es\/es\/wp-json\/wp\/v2\/comments?post=45"}],"version-history":[{"count":40,"href":"https:\/\/wheninbarcelona.adrirodrigoa1.es\/es\/wp-json\/wp\/v2\/pages\/45\/revisions"}],"predecessor-version":[{"id":543,"href":"https:\/\/wheninbarcelona.adrirodrigoa1.es\/es\/wp-json\/wp\/v2\/pages\/45\/revisions\/543"}],"wp:attachment":[{"href":"https:\/\/wheninbarcelona.adrirodrigoa1.es\/es\/wp-json\/wp\/v2\/media?parent=45"}],"curies":[{"name":"wp","href":"https:\/\/api.w.org\/{rel}","templated":true}]}}