{"id":72,"date":"2025-09-02T09:16:28","date_gmt":"2025-09-02T07:16:28","guid":{"rendered":"https:\/\/wheninbarcelona.adrirodrigoa1.es\/?page_id=72"},"modified":"2025-09-11T18:39:00","modified_gmt":"2025-09-11T16:39:00","slug":"kontakt","status":"publish","type":"page","link":"https:\/\/wheninbarcelona.adrirodrigoa1.es\/es\/om-oss\/kontakt\/","title":{"rendered":"CONTACTO"},"content":{"rendered":"\t\t<div data-elementor-type=\"wp-page\" data-elementor-id=\"72\" class=\"elementor elementor-72\" data-elementor-post-type=\"page\">\n\t\t\t\t\t\t<section class=\"elementor-section elementor-top-section elementor-element elementor-element-73503415 elementor-section-boxed elementor-section-height-default elementor-section-height-default\" data-id=\"73503415\" data-element_type=\"section\" data-e-type=\"section\">\n\t\t\t\t\t\t<div class=\"elementor-container elementor-column-gap-default\">\n\t\t\t\t\t<div class=\"elementor-column elementor-col-100 elementor-top-column elementor-element elementor-element-7c911bd0\" data-id=\"7c911bd0\" data-element_type=\"column\" data-e-type=\"column\">\n\t\t\t<div class=\"elementor-widget-wrap elementor-element-populated\">\n\t\t\t\t\t\t<section class=\"elementor-section elementor-inner-section elementor-element elementor-element-4689ee60 elementor-section-boxed elementor-section-height-default elementor-section-height-default\" data-id=\"4689ee60\" data-element_type=\"section\" data-e-type=\"section\">\n\t\t\t\t\t\t<div class=\"elementor-container elementor-column-gap-default\">\n\t\t\t\t\t<div class=\"elementor-column elementor-col-100 elementor-inner-column elementor-element elementor-element-1de2cf9c\" data-id=\"1de2cf9c\" data-element_type=\"column\" data-e-type=\"column\">\n\t\t\t<div class=\"elementor-widget-wrap elementor-element-populated\">\n\t\t\t\t\t\t<div class=\"elementor-element elementor-element-4f761d54 animated-fast elementor-invisible elementor-widget elementor-widget-heading\" data-id=\"4f761d54\" data-element_type=\"widget\" data-e-type=\"widget\" data-settings=\"{&quot;_animation&quot;:&quot;fadeIn&quot;}\" data-widget_type=\"heading.default\">\n\t\t\t\t<div class=\"elementor-widget-container\">\n\t\t\t\t\t<h1 class=\"elementor-heading-title elementor-size-default\">KONTAKT<\/h1>\t\t\t\t<\/div>\n\t\t\t\t<\/div>\n\t\t\t\t\t<\/div>\n\t\t<\/div>\n\t\t\t\t\t<\/div>\n\t\t<\/section>\n\t\t\t\t<section class=\"elementor-section elementor-inner-section elementor-element elementor-element-51c8f4aa elementor-section-full_width elementor-section-height-default elementor-section-height-default\" data-id=\"51c8f4aa\" data-element_type=\"section\" data-e-type=\"section\">\n\t\t\t\t\t\t<div class=\"elementor-container elementor-column-gap-default\">\n\t\t\t\t\t<div class=\"elementor-column elementor-col-50 elementor-inner-column elementor-element elementor-element-33de0a9c\" data-id=\"33de0a9c\" data-element_type=\"column\" data-e-type=\"column\">\n\t\t\t<div class=\"elementor-widget-wrap elementor-element-populated\">\n\t\t\t\t\t\t<div class=\"elementor-element elementor-element-59cd40fb animated-fast elementor-invisible elementor-widget elementor-widget-heading\" data-id=\"59cd40fb\" data-element_type=\"widget\" data-e-type=\"widget\" data-settings=\"{&quot;_animation&quot;:&quot;fadeIn&quot;}\" data-widget_type=\"heading.default\">\n\t\t\t\t<div class=\"elementor-widget-container\">\n\t\t\t\t\t<h2 class=\"elementor-heading-title elementor-size-default\">Har du fr\u00e5gor? H\u00f6r av dig!<\/h2>\t\t\t\t<\/div>\n\t\t\t\t<\/div>\n\t\t\t\t<div class=\"elementor-element elementor-element-654d6fa elementor-widget elementor-widget-text-editor\" data-id=\"654d6fa\" data-element_type=\"widget\" data-e-type=\"widget\" data-widget_type=\"text-editor.default\">\n\t\t\t\t<div class=\"elementor-widget-container\">\n\t\t\t\t\t\t\t\t\t<p><strong data-start=\"394\" data-end=\"450\">Planerar du en resa eller ett evenemang i Barcelona?<\/strong><br data-start=\"450\" data-end=\"453\" \/>Skriv till oss s\u00e5 skr\u00e4ddarsyr vi en boutique-upplevelse n\u00e4ra det lokala livet.<\/p>\t\t\t\t\t\t\t\t<\/div>\n\t\t\t\t<\/div>\n\t\t\t\t<div class=\"elementor-element elementor-element-552c68c elementor-icon-list--layout-traditional elementor-list-item-link-full_width elementor-widget elementor-widget-icon-list\" data-id=\"552c68c\" data-element_type=\"widget\" data-e-type=\"widget\" data-widget_type=\"icon-list.default\">\n\t\t\t\t<div class=\"elementor-widget-container\">\n\t\t\t\t\t\t\t<ul class=\"elementor-icon-list-items\">\n\t\t\t\t\t\t\t<li class=\"elementor-icon-list-item\">\n\t\t\t\t\t\t\t\t\t\t\t<a href=\"tel:+34622479052\" target=\"_blank\">\n\n\t\t\t\t\t\t\t\t\t\t\t\t<span class=\"elementor-icon-list-icon\">\n\t\t\t\t\t\t\t<svg aria-hidden=\"true\" class=\"e-font-icon-svg e-fas-phone-alt\" viewBox=\"0 0 512 512\" xmlns=\"http:\/\/www.w3.org\/2000\/svg\"><path d=\"M497.39 361.8l-112-48a24 24 0 0 0-28 6.9l-49.6 60.6A370.66 370.66 0 0 1 130.6 204.11l60.6-49.6a23.94 23.94 0 0 0 6.9-28l-48-112A24.16 24.16 0 0 0 122.6.61l-104 24A24 24 0 0 0 0 48c0 256.5 207.9 464 464 464a24 24 0 0 0 23.4-18.6l24-104a24.29 24.29 0 0 0-14.01-27.6z\"><\/path><\/svg>\t\t\t\t\t\t<\/span>\n\t\t\t\t\t\t\t\t\t\t<span class=\"elementor-icon-list-text\">+34622479052<\/span>\n\t\t\t\t\t\t\t\t\t\t\t<\/a>\n\t\t\t\t\t\t\t\t\t<\/li>\n\t\t\t\t\t\t\t\t<li class=\"elementor-icon-list-item\">\n\t\t\t\t\t\t\t\t\t\t\t<a href=\"mailto:info@wheninbarcelona.com\" target=\"_blank\">\n\n\t\t\t\t\t\t\t\t\t\t\t\t<span class=\"elementor-icon-list-icon\">\n\t\t\t\t\t\t\t<svg aria-hidden=\"true\" class=\"e-font-icon-svg e-far-envelope\" viewBox=\"0 0 512 512\" xmlns=\"http:\/\/www.w3.org\/2000\/svg\"><path d=\"M464 64H48C21.49 64 0 85.49 0 112v288c0 26.51 21.49 48 48 48h416c26.51 0 48-21.49 48-48V112c0-26.51-21.49-48-48-48zm0 48v40.805c-22.422 18.259-58.168 46.651-134.587 106.49-16.841 13.247-50.201 45.072-73.413 44.701-23.208.375-56.579-31.459-73.413-44.701C106.18 199.465 70.425 171.067 48 152.805V112h416zM48 400V214.398c22.914 18.251 55.409 43.862 104.938 82.646 21.857 17.205 60.134 55.186 103.062 54.955 42.717.231 80.509-37.199 103.053-54.947 49.528-38.783 82.032-64.401 104.947-82.653V400H48z\"><\/path><\/svg>\t\t\t\t\t\t<\/span>\n\t\t\t\t\t\t\t\t\t\t<span class=\"elementor-icon-list-text\">info@wheninbarcelona.com<\/span>\n\t\t\t\t\t\t\t\t\t\t\t<\/a>\n\t\t\t\t\t\t\t\t\t<\/li>\n\t\t\t\t\t\t<\/ul>\n\t\t\t\t\t\t<\/div>\n\t\t\t\t<\/div>\n\t\t\t\t\t<\/div>\n\t\t<\/div>\n\t\t\t\t<div class=\"elementor-column elementor-col-50 elementor-inner-column elementor-element elementor-element-72a74352\" data-id=\"72a74352\" data-element_type=\"column\" data-e-type=\"column\">\n\t\t\t<div class=\"elementor-widget-wrap elementor-element-populated\">\n\t\t\t\t\t\t<div class=\"elementor-element elementor-element-6dde20df elementor-button-align-start animated-fast elementor-invisible elementor-widget elementor-widget-form\" data-id=\"6dde20df\" data-element_type=\"widget\" data-e-type=\"widget\" data-settings=\"{&quot;step_next_label&quot;:&quot;Next&quot;,&quot;step_previous_label&quot;:&quot;Previous&quot;,&quot;_animation&quot;:&quot;fadeIn&quot;,&quot;_animation_delay&quot;:100,&quot;button_width&quot;:&quot;100&quot;,&quot;step_type&quot;:&quot;number_text&quot;,&quot;step_icon_shape&quot;:&quot;circle&quot;}\" data-widget_type=\"form.default\">\n\t\t\t\t<div class=\"elementor-widget-container\">\n\t\t\t\t\t\t\t<form class=\"elementor-form\" method=\"post\" name=\"New Form\" aria-label=\"New Form\">\n\t\t\t<input type=\"hidden\" name=\"post_id\" value=\"72\"\/>\n\t\t\t<input type=\"hidden\" name=\"form_id\" value=\"6dde20df\"\/>\n\t\t\t<input type=\"hidden\" name=\"referer_title\" value=\"KONTAKT - Upplev det \u00e4kta Barcelona\" \/>\n\n\t\t\t\t\t\t\t<input type=\"hidden\" name=\"queried_id\" value=\"72\"\/>\n\t\t\t\n\t\t\t<div class=\"elementor-form-fields-wrapper elementor-labels-above\">\n\t\t\t\t\t\t\t\t<div class=\"elementor-field-type-text elementor-field-group elementor-column elementor-field-group-name elementor-col-100\">\n\t\t\t\t\t\t\t\t\t\t\t\t<label for=\"form-field-name\" class=\"elementor-field-label\">\n\t\t\t\t\t\t\t\tNamn\t\t\t\t\t\t\t<\/label>\n\t\t\t\t\t\t\t\t\t\t\t\t\t\t<input size=\"1\" type=\"text\" name=\"form_fields[name]\" id=\"form-field-name\" class=\"elementor-field elementor-size-xs  elementor-field-textual\">\n\t\t\t\t\t\t\t\t\t\t\t<\/div>\n\t\t\t\t\t\t\t\t<div class=\"elementor-field-type-tel elementor-field-group elementor-column elementor-field-group-field_b34ae59 elementor-col-50\">\n\t\t\t\t\t\t\t\t\t\t\t\t<label for=\"form-field-field_b34ae59\" class=\"elementor-field-label\">\n\t\t\t\t\t\t\t\tTelefon\t\t\t\t\t\t\t<\/label>\n\t\t\t\t\t\t\t\t<input size=\"1\" type=\"tel\" name=\"form_fields[field_b34ae59]\" id=\"form-field-field_b34ae59\" class=\"elementor-field elementor-size-xs  elementor-field-textual\" pattern=\"[0-9()#&amp;+*-=.]+\" title=\"Endast siffror och telefontecken (#, -, *, etc) accepteras.\">\n\n\t\t\t\t\t\t<\/div>\n\t\t\t\t\t\t\t\t<div class=\"elementor-field-type-email elementor-field-group elementor-column elementor-field-group-email elementor-col-50 elementor-field-required\">\n\t\t\t\t\t\t\t\t\t\t\t\t<label for=\"form-field-email\" class=\"elementor-field-label\">\n\t\t\t\t\t\t\t\tE-post\t\t\t\t\t\t\t<\/label>\n\t\t\t\t\t\t\t\t\t\t\t\t\t\t<input size=\"1\" type=\"email\" name=\"form_fields[email]\" id=\"form-field-email\" class=\"elementor-field elementor-size-xs  elementor-field-textual\" required=\"required\">\n\t\t\t\t\t\t\t\t\t\t\t<\/div>\n\t\t\t\t\t\t\t\t<div class=\"elementor-field-type-number elementor-field-group elementor-column elementor-field-group-field_582dbb5 elementor-col-100\">\n\t\t\t\t\t\t\t\t\t\t\t\t<label for=\"form-field-field_582dbb5\" class=\"elementor-field-label\">\n\t\t\t\t\t\t\t\tAntal personer\t\t\t\t\t\t\t<\/label>\n\t\t\t\t\t\t\t\t\t<input type=\"number\" name=\"form_fields[field_582dbb5]\" id=\"form-field-field_582dbb5\" class=\"elementor-field elementor-size-xs  elementor-field-textual\" min=\"\" max=\"\" >\n\t\t\t\t\t\t<\/div>\n\t\t\t\t\t\t\t\t<div class=\"elementor-field-type-date elementor-field-group elementor-column elementor-field-group-field_a508aa1 elementor-col-100\">\n\t\t\t\t\t\t\t\t\t\t\t\t<label for=\"form-field-field_a508aa1\" class=\"elementor-field-label\">\n\t\t\t\t\t\t\t\t\u00d6nskade datum\t\t\t\t\t\t\t<\/label>\n\t\t\t\t\t\t\n\t\t<input type=\"date\" name=\"form_fields[field_a508aa1]\" id=\"form-field-field_a508aa1\" class=\"elementor-field elementor-size-xs  elementor-field-textual elementor-date-field\" pattern=\"[0-9]{4}-[0-9]{2}-[0-9]{2}\">\n\t\t\t\t\t\t<\/div>\n\t\t\t\t\t\t\t\t<div class=\"elementor-field-type-textarea elementor-field-group elementor-column elementor-field-group-message elementor-col-100\">\n\t\t\t\t\t\t\t\t\t\t\t\t<label for=\"form-field-message\" class=\"elementor-field-label\">\n\t\t\t\t\t\t\t\tMeddelande\t\t\t\t\t\t\t<\/label>\n\t\t\t\t\t\t<textarea class=\"elementor-field-textual elementor-field  elementor-size-xs\" name=\"form_fields[message]\" id=\"form-field-message\" rows=\"4\"><\/textarea>\t\t\t\t<\/div>\n\t\t\t\t\t\t\t\t<div class=\"elementor-field-type-acceptance elementor-field-group elementor-column elementor-field-group-field_569ceb9 elementor-col-100 elementor-field-required\">\n\t\t\t\t\t\t\t<div class=\"elementor-field-subgroup\">\n\t\t\t<span class=\"elementor-field-option\">\n\t\t\t\t<input type=\"checkbox\" name=\"form_fields[field_569ceb9]\" id=\"form-field-field_569ceb9\" class=\"elementor-field elementor-size-xs  elementor-acceptance-field\" required=\"required\">\n\t\t\t\t<label for=\"form-field-field_569ceb9\">Jag har l\u00e4st och accepterar <a href=\"\/privacidad\/\" target=\"_blank\" rel=\"noopener noreferrer\">Sekretesspolicy<\/a><\/label>\t\t\t<\/span>\n\t\t<\/div>\n\t\t\t\t\t\t<\/div>\n\t\t\t\t\t\t\t\t<div class=\"elementor-field-group elementor-column elementor-field-type-submit elementor-col-100 e-form__buttons\">\n\t\t\t\t\t<button class=\"elementor-button elementor-size-xs elementor-animation-float\" type=\"submit\">\n\t\t\t\t\t\t<span class=\"elementor-button-content-wrapper\">\n\t\t\t\t\t\t\t\t\t\t\t\t\t\t\t\t\t\t\t\t\t\t<span class=\"elementor-button-text\">Skicka f\u00f6rfr\u00e5gan<\/span>\n\t\t\t\t\t\t\t\t\t\t\t\t\t<\/span>\n\t\t\t\t\t<\/button>\n\t\t\t\t<\/div>\n\t\t\t<\/div>\n\t\t<\/form>\n\t\t\t\t\t\t<\/div>\n\t\t\t\t<\/div>\n\t\t\t\t\t<\/div>\n\t\t<\/div>\n\t\t\t\t\t<\/div>\n\t\t<\/section>\n\t\t\t\t\t<\/div>\n\t\t<\/div>\n\t\t\t\t\t<\/div>\n\t\t<\/section>\n\t\t\t\t<\/div>\n\t\t","protected":false},"excerpt":{"rendered":"<p>KONTAKT Har du fr\u00e5gor? H\u00f6r av dig! Planerar du en resa eller ett evenemang i Barcelona?Skriv till oss s\u00e5 skr\u00e4ddarsyr vi en boutique-upplevelse n\u00e4ra det lokala livet. +34622479052 info@wheninbarcelona.com<\/p>","protected":false},"author":7,"featured_media":0,"parent":48,"menu_order":0,"comment_status":"closed","ping_status":"closed","template":"","meta":{"footnotes":""},"class_list":["post-72","page","type-page","status-publish","hentry"],"yoast_head":"<!-- This site is optimized with the Yoast SEO plugin v27.4 - https:\/\/yoast.com\/product\/yoast-seo-wordpress\/ -->\n<title>KONTAKT - Upplev det \u00e4kta Barcelona<\/title>\n<meta name=\"robots\" content=\"noindex, follow, max-snippet:-1, max-image-preview:large, max-video-preview:-1\" \/>\n<meta property=\"og:locale\" content=\"es_ES\" \/>\n<meta property=\"og:type\" content=\"article\" \/>\n<meta property=\"og:title\" content=\"KONTAKT - Upplev det \u00e4kta Barcelona\" \/>\n<meta property=\"og:description\" content=\"KONTAKT Har du fr\u00e5gor? H\u00f6r av dig! Planerar du en resa eller ett evenemang i Barcelona?Skriv till oss s\u00e5 skr\u00e4ddarsyr vi en boutique-upplevelse n\u00e4ra det lokala livet. +34622479052 info@wheninbarcelona.com\" \/>\n<meta property=\"og:url\" content=\"https:\/\/wheninbarcelona.adrirodrigoa1.es\/es\/om-oss\/kontakt\/\" \/>\n<meta property=\"og:site_name\" content=\"Upplev det \u00e4kta Barcelona\" \/>\n<meta property=\"article:modified_time\" content=\"2025-09-11T16:39:00+00:00\" \/>\n<meta name=\"twitter:card\" content=\"summary_large_image\" \/>\n<meta name=\"twitter:label1\" content=\"Tiempo de lectura\" \/>\n\t<meta name=\"twitter:data1\" content=\"1 minuto\" \/>\n<script type=\"application\/ld+json\" class=\"yoast-schema-graph\">{\"@context\":\"https:\\\/\\\/schema.org\",\"@graph\":[{\"@type\":\"WebPage\",\"@id\":\"https:\\\/\\\/wheninbarcelona.adrirodrigoa1.es\\\/om-oss\\\/kontakt\\\/\",\"url\":\"https:\\\/\\\/wheninbarcelona.adrirodrigoa1.es\\\/om-oss\\\/kontakt\\\/\",\"name\":\"KONTAKT - Upplev det \u00e4kta Barcelona\",\"isPartOf\":{\"@id\":\"https:\\\/\\\/wheninbarcelona.adrirodrigoa1.es\\\/#website\"},\"datePublished\":\"2025-09-02T07:16:28+00:00\",\"dateModified\":\"2025-09-11T16:39:00+00:00\",\"breadcrumb\":{\"@id\":\"https:\\\/\\\/wheninbarcelona.adrirodrigoa1.es\\\/om-oss\\\/kontakt\\\/#breadcrumb\"},\"inLanguage\":\"es-AR\",\"potentialAction\":[{\"@type\":\"ReadAction\",\"target\":[\"https:\\\/\\\/wheninbarcelona.adrirodrigoa1.es\\\/om-oss\\\/kontakt\\\/\"]}]},{\"@type\":\"BreadcrumbList\",\"@id\":\"https:\\\/\\\/wheninbarcelona.adrirodrigoa1.es\\\/om-oss\\\/kontakt\\\/#breadcrumb\",\"itemListElement\":[{\"@type\":\"ListItem\",\"position\":1,\"name\":\"Portada\",\"item\":\"https:\\\/\\\/wheninbarcelona.adrirodrigoa1.es\\\/\"},{\"@type\":\"ListItem\",\"position\":2,\"name\":\"OM OSS\",\"item\":\"https:\\\/\\\/wheninbarcelona.adrirodrigoa1.es\\\/om-oss\\\/\"},{\"@type\":\"ListItem\",\"position\":3,\"name\":\"KONTAKT\"}]},{\"@type\":\"WebSite\",\"@id\":\"https:\\\/\\\/wheninbarcelona.adrirodrigoa1.es\\\/#website\",\"url\":\"https:\\\/\\\/wheninbarcelona.adrirodrigoa1.es\\\/\",\"name\":\"Upplev det \u00e4kta Barcelona\",\"description\":\"\",\"publisher\":{\"@id\":\"https:\\\/\\\/wheninbarcelona.adrirodrigoa1.es\\\/#organization\"},\"potentialAction\":[{\"@type\":\"SearchAction\",\"target\":{\"@type\":\"EntryPoint\",\"urlTemplate\":\"https:\\\/\\\/wheninbarcelona.adrirodrigoa1.es\\\/?s={search_term_string}\"},\"query-input\":{\"@type\":\"PropertyValueSpecification\",\"valueRequired\":true,\"valueName\":\"search_term_string\"}}],\"inLanguage\":\"es-AR\"},{\"@type\":\"Organization\",\"@id\":\"https:\\\/\\\/wheninbarcelona.adrirodrigoa1.es\\\/#organization\",\"name\":\"Upplev det \u00e4kta Barcelona\",\"url\":\"https:\\\/\\\/wheninbarcelona.adrirodrigoa1.es\\\/\",\"logo\":{\"@type\":\"ImageObject\",\"inLanguage\":\"es-AR\",\"@id\":\"https:\\\/\\\/wheninbarcelona.adrirodrigoa1.es\\\/#\\\/schema\\\/logo\\\/image\\\/\",\"url\":\"https:\\\/\\\/wheninbarcelona.adrirodrigoa1.es\\\/wp-content\\\/uploads\\\/2025\\\/09\\\/primery-transparent-logo.webp\",\"contentUrl\":\"https:\\\/\\\/wheninbarcelona.adrirodrigoa1.es\\\/wp-content\\\/uploads\\\/2025\\\/09\\\/primery-transparent-logo.webp\",\"width\":998,\"height\":253,\"caption\":\"Upplev det \u00e4kta Barcelona\"},\"image\":{\"@id\":\"https:\\\/\\\/wheninbarcelona.adrirodrigoa1.es\\\/#\\\/schema\\\/logo\\\/image\\\/\"}}]}<\/script>\n<!-- \/ Yoast SEO plugin. -->","yoast_head_json":{"title":"KONTAKT - Upplev det \u00e4kta Barcelona","robots":{"index":"noindex","follow":"follow","max-snippet":"max-snippet:-1","max-image-preview":"max-image-preview:large","max-video-preview":"max-video-preview:-1"},"og_locale":"es_ES","og_type":"article","og_title":"KONTAKT - Upplev det \u00e4kta Barcelona","og_description":"KONTAKT Har du fr\u00e5gor? H\u00f6r av dig! Planerar du en resa eller ett evenemang i Barcelona?Skriv till oss s\u00e5 skr\u00e4ddarsyr vi en boutique-upplevelse n\u00e4ra det lokala livet. +34622479052 info@wheninbarcelona.com","og_url":"https:\/\/wheninbarcelona.adrirodrigoa1.es\/es\/om-oss\/kontakt\/","og_site_name":"Upplev det \u00e4kta Barcelona","article_modified_time":"2025-09-11T16:39:00+00:00","twitter_card":"summary_large_image","twitter_misc":{"Tiempo de lectura":"1 minuto"},"schema":{"@context":"https:\/\/schema.org","@graph":[{"@type":"WebPage","@id":"https:\/\/wheninbarcelona.adrirodrigoa1.es\/om-oss\/kontakt\/","url":"https:\/\/wheninbarcelona.adrirodrigoa1.es\/om-oss\/kontakt\/","name":"KONTAKT - Upplev det \u00e4kta Barcelona","isPartOf":{"@id":"https:\/\/wheninbarcelona.adrirodrigoa1.es\/#website"},"datePublished":"2025-09-02T07:16:28+00:00","dateModified":"2025-09-11T16:39:00+00:00","breadcrumb":{"@id":"https:\/\/wheninbarcelona.adrirodrigoa1.es\/om-oss\/kontakt\/#breadcrumb"},"inLanguage":"es-AR","potentialAction":[{"@type":"ReadAction","target":["https:\/\/wheninbarcelona.adrirodrigoa1.es\/om-oss\/kontakt\/"]}]},{"@type":"BreadcrumbList","@id":"https:\/\/wheninbarcelona.adrirodrigoa1.es\/om-oss\/kontakt\/#breadcrumb","itemListElement":[{"@type":"ListItem","position":1,"name":"Portada","item":"https:\/\/wheninbarcelona.adrirodrigoa1.es\/"},{"@type":"ListItem","position":2,"name":"OM OSS","item":"https:\/\/wheninbarcelona.adrirodrigoa1.es\/om-oss\/"},{"@type":"ListItem","position":3,"name":"KONTAKT"}]},{"@type":"WebSite","@id":"https:\/\/wheninbarcelona.adrirodrigoa1.es\/#website","url":"https:\/\/wheninbarcelona.adrirodrigoa1.es\/","name":"Vive la aut\u00e9ntica Barcelona","description":"","publisher":{"@id":"https:\/\/wheninbarcelona.adrirodrigoa1.es\/#organization"},"potentialAction":[{"@type":"SearchAction","target":{"@type":"EntryPoint","urlTemplate":"https:\/\/wheninbarcelona.adrirodrigoa1.es\/?s={search_term_string}"},"query-input":{"@type":"PropertyValueSpecification","valueRequired":true,"valueName":"search_term_string"}}],"inLanguage":"es-AR"},{"@type":"Organization","@id":"https:\/\/wheninbarcelona.adrirodrigoa1.es\/#organization","name":"Vive la aut\u00e9ntica Barcelona","url":"https:\/\/wheninbarcelona.adrirodrigoa1.es\/","logo":{"@type":"ImageObject","inLanguage":"es-AR","@id":"https:\/\/wheninbarcelona.adrirodrigoa1.es\/#\/schema\/logo\/image\/","url":"https:\/\/wheninbarcelona.adrirodrigoa1.es\/wp-content\/uploads\/2025\/09\/primery-transparent-logo.webp","contentUrl":"https:\/\/wheninbarcelona.adrirodrigoa1.es\/wp-content\/uploads\/2025\/09\/primery-transparent-logo.webp","width":998,"height":253,"caption":"Upplev det \u00e4kta Barcelona"},"image":{"@id":"https:\/\/wheninbarcelona.adrirodrigoa1.es\/#\/schema\/logo\/image\/"}}]}},"_links":{"self":[{"href":"https:\/\/wheninbarcelona.adrirodrigoa1.es\/es\/wp-json\/wp\/v2\/pages\/72","targetHints":{"allow":["GET"]}}],"collection":[{"href":"https:\/\/wheninbarcelona.adrirodrigoa1.es\/es\/wp-json\/wp\/v2\/pages"}],"about":[{"href":"https:\/\/wheninbarcelona.adrirodrigoa1.es\/es\/wp-json\/wp\/v2\/types\/page"}],"author":[{"embeddable":true,"href":"https:\/\/wheninbarcelona.adrirodrigoa1.es\/es\/wp-json\/wp\/v2\/users\/7"}],"replies":[{"embeddable":true,"href":"https:\/\/wheninbarcelona.adrirodrigoa1.es\/es\/wp-json\/wp\/v2\/comments?post=72"}],"version-history":[{"count":40,"href":"https:\/\/wheninbarcelona.adrirodrigoa1.es\/es\/wp-json\/wp\/v2\/pages\/72\/revisions"}],"predecessor-version":[{"id":567,"href":"https:\/\/wheninbarcelona.adrirodrigoa1.es\/es\/wp-json\/wp\/v2\/pages\/72\/revisions\/567"}],"up":[{"embeddable":true,"href":"https:\/\/wheninbarcelona.adrirodrigoa1.es\/es\/wp-json\/wp\/v2\/pages\/48"}],"wp:attachment":[{"href":"https:\/\/wheninbarcelona.adrirodrigoa1.es\/es\/wp-json\/wp\/v2\/media?parent=72"}],"curies":[{"name":"wp","href":"https:\/\/api.w.org\/{rel}","templated":true}]}}