{"id":66,"date":"2025-09-02T09:15:18","date_gmt":"2025-09-02T07:15:18","guid":{"rendered":"https:\/\/wheninbarcelona.adrirodrigoa1.es\/?page_id=66"},"modified":"2025-09-10T19:34:48","modified_gmt":"2025-09-10T17:34:48","slug":"bryllup","status":"publish","type":"page","link":"https:\/\/wheninbarcelona.adrirodrigoa1.es\/nn\/event\/bryllup\/","title":{"rendered":"BRYLLUP"},"content":{"rendered":"<div data-elementor-type=\"wp-page\" data-elementor-id=\"66\" class=\"elementor elementor-66\" data-elementor-post-type=\"page\">\n\t\t\t\t\t\t<section class=\"elementor-section elementor-top-section elementor-element elementor-element-47587970 elementor-section-height-min-height elementor-section-boxed elementor-section-height-default elementor-section-items-middle\" data-id=\"47587970\" data-element_type=\"section\" data-e-type=\"section\" data-settings=\"{&quot;background_background&quot;:&quot;classic&quot;}\">\n\t\t\t\t\t\t\t<div class=\"elementor-background-overlay\"><\/div>\n\t\t\t\t\t\t\t<div class=\"elementor-container elementor-column-gap-default\">\n\t\t\t\t\t<div class=\"elementor-column elementor-col-100 elementor-top-column elementor-element elementor-element-37b898c2\" data-id=\"37b898c2\" data-element_type=\"column\" data-e-type=\"column\">\n\t\t\t<div class=\"elementor-widget-wrap elementor-element-populated\">\n\t\t\t\t\t\t<section class=\"elementor-section elementor-inner-section elementor-element elementor-element-db093e elementor-section-boxed elementor-section-height-default elementor-section-height-default\" data-id=\"db093e\" data-element_type=\"section\" data-e-type=\"section\">\n\t\t\t\t\t\t<div class=\"elementor-container elementor-column-gap-default\">\n\t\t\t\t\t<div class=\"elementor-column elementor-col-50 elementor-inner-column elementor-element elementor-element-4cb9997f animated-fast elementor-invisible\" data-id=\"4cb9997f\" data-element_type=\"column\" data-e-type=\"column\" data-settings=\"{&quot;animation&quot;:&quot;fadeIn&quot;}\">\n\t\t\t<div class=\"elementor-widget-wrap elementor-element-populated\">\n\t\t\t\t\t\t<div class=\"elementor-element elementor-element-2b64ceaf elementor-widget elementor-widget-heading\" data-id=\"2b64ceaf\" data-element_type=\"widget\" data-e-type=\"widget\" data-widget_type=\"heading.default\">\n\t\t\t\t<div class=\"elementor-widget-container\">\n\t\t\t\t\t<h1 class=\"elementor-heading-title elementor-size-default\">BRYLLUP I BARCELONA<\/h1>\t\t\t\t<\/div>\n\t\t\t\t<\/div>\n\t\t\t\t<div class=\"elementor-element elementor-element-2a152f64 elementor-widget__width-auto elementor-widget elementor-widget-heading\" data-id=\"2a152f64\" data-element_type=\"widget\" data-e-type=\"widget\" data-widget_type=\"heading.default\">\n\t\t\t\t<div class=\"elementor-widget-container\">\n\t\t\t\t\t<h2 class=\"elementor-heading-title elementor-size-default\">KONTAKT<\/h2>\t\t\t\t<\/div>\n\t\t\t\t<\/div>\n\t\t\t\t\t<\/div>\n\t\t<\/div>\n\t\t\t\t<div class=\"elementor-column elementor-col-50 elementor-inner-column elementor-element elementor-element-5bb0675e elementor-hidden-phone\" data-id=\"5bb0675e\" data-element_type=\"column\" data-e-type=\"column\">\n\t\t\t<div class=\"elementor-widget-wrap\">\n\t\t\t\t\t\t\t<\/div>\n\t\t<\/div>\n\t\t\t\t\t<\/div>\n\t\t<\/section>\n\t\t\t\t\t<\/div>\n\t\t<\/div>\n\t\t\t\t\t<\/div>\n\t\t<\/section>\n\t\t\t\t<section class=\"elementor-section elementor-top-section elementor-element elementor-element-ae5464e elementor-section-full_width animated-fast elementor-section-height-default elementor-section-height-default\" data-id=\"ae5464e\" data-element_type=\"section\" data-e-type=\"section\" data-settings=\"{&quot;background_background&quot;:&quot;classic&quot;,&quot;animation&quot;:&quot;none&quot;}\">\n\t\t\t\t\t\t\t<div class=\"elementor-background-overlay\"><\/div>\n\t\t\t\t\t\t\t<div class=\"elementor-container elementor-column-gap-default\">\n\t\t\t\t\t<div class=\"elementor-column elementor-col-100 elementor-top-column elementor-element elementor-element-93c6bb1\" data-id=\"93c6bb1\" data-element_type=\"column\" data-e-type=\"column\" data-settings=\"{&quot;background_background&quot;:&quot;classic&quot;}\">\n\t\t\t<div class=\"elementor-widget-wrap elementor-element-populated\">\n\t\t\t\t\t\t<div class=\"elementor-element elementor-element-57c32cd elementor-widget elementor-widget-qi_addons_for_elementor_text_marquee\" data-id=\"57c32cd\" data-element_type=\"widget\" data-e-type=\"widget\" data-widget_type=\"qi_addons_for_elementor_text_marquee.default\">\n\t\t\t\t<div class=\"elementor-widget-container\">\n\t\t\t\t\t<div class=\"qodef-shortcode qodef-m qodef-qi-text-marquee qodef-layout--default\">\n\t<div class=\"qodef-m-content\">\n\t\t<div class=\"qodef-m-text qodef-text--original\">\n\t\t\t\t\t\t\t<span class=\"qodef-m-text-item elementor-repeater-item-618c0b1\" >\/<\/span>\n\t\t\t\t\t\t\t\t\t\t\t<span class=\"qodef-m-text-item elementor-repeater-item-862a9ee\" > Din nyckel till Barcelonas dolda skatter\n<\/span>\n\t\t\t\t\t\t\t\t\t\t\t<span class=\"qodef-m-text-item elementor-repeater-item-46a328b\" >\/<\/span>\n\t\t\t\t\t\t\t\t\t\t\t<span class=\"qodef-m-text-item elementor-repeater-item-b4436d4\" >Boutiqueupplevelser n\u00e4ra det lokala livet<\/span>\n\t\t\t\t\t\t\t\t\t\t\t<span class=\"qodef-m-text-item elementor-repeater-item-12b6c38\" >\/<\/span>\n\t\t\t\t\t\t\t\t\t\t\t<span class=\"qodef-m-text-item elementor-repeater-item-eb17735\" >Mer \u00e4n turism \u2013 uppt\u00e4ck Barcelonas sj\u00e4l<\/span>\n\t\t\t\t\t\t\t\t\t<\/div>\n\t\t<div class=\"qodef-m-text qodef-text--copy\">\n\t\t\t\t\t\t\t<span class=\"qodef-m-text-item elementor-repeater-item-618c0b1\" >\/<\/span>\n\t\t\t\t\t\t\t\t\t\t\t<span class=\"qodef-m-text-item elementor-repeater-item-862a9ee\" > Din nyckel till Barcelonas dolda skatter\n<\/span>\n\t\t\t\t\t\t\t\t\t\t\t<span class=\"qodef-m-text-item elementor-repeater-item-46a328b\" >\/<\/span>\n\t\t\t\t\t\t\t\t\t\t\t<span class=\"qodef-m-text-item elementor-repeater-item-b4436d4\" >Boutiqueupplevelser n\u00e4ra det lokala livet<\/span>\n\t\t\t\t\t\t\t\t\t\t\t<span class=\"qodef-m-text-item elementor-repeater-item-12b6c38\" >\/<\/span>\n\t\t\t\t\t\t\t\t\t\t\t<span class=\"qodef-m-text-item elementor-repeater-item-eb17735\" >Mer \u00e4n turism \u2013 uppt\u00e4ck Barcelonas sj\u00e4l<\/span>\n\t\t\t\t\t\t\t\t\t<\/div>\n\t<\/div>\n<\/div>\n\t\t\t\t<\/div>\n\t\t\t\t<\/div>\n\t\t\t\t\t<\/div>\n\t\t<\/div>\n\t\t\t\t\t<\/div>\n\t\t<\/section>\n\t\t<div class=\"elementor-element elementor-element-5ac7f7f7 e-flex e-con-boxed e-con e-parent\" data-id=\"5ac7f7f7\" data-element_type=\"container\" data-e-type=\"container\">\n\t\t\t\t\t<div class=\"e-con-inner\">\n\t\t\t\t<div class=\"elementor-element elementor-element-1614619c animated-fast elementor-invisible elementor-widget elementor-widget-heading\" data-id=\"1614619c\" data-element_type=\"widget\" data-e-type=\"widget\" data-settings=\"{&quot;_animation&quot;:&quot;fadeIn&quot;}\" data-widget_type=\"heading.default\">\n\t\t\t\t<div class=\"elementor-widget-container\">\n\t\t\t\t\t<h2 class=\"elementor-heading-title elementor-size-default\">BRYLLUP I BARCELONA<\/h2>\t\t\t\t<\/div>\n\t\t\t\t<\/div>\n\t\t\t\t<div class=\"elementor-element elementor-element-10d4ba18 animated-fast elementor-widget-divider--view-line elementor-invisible elementor-widget elementor-widget-divider\" data-id=\"10d4ba18\" data-element_type=\"widget\" data-e-type=\"widget\" data-settings=\"{&quot;_animation&quot;:&quot;fadeIn&quot;}\" data-widget_type=\"divider.default\">\n\t\t\t\t<div class=\"elementor-widget-container\">\n\t\t\t\t\t\t\t<div class=\"elementor-divider\">\n\t\t\t<span class=\"elementor-divider-separator\">\n\t\t\t\t\t\t<\/span>\n\t\t<\/div>\n\t\t\t\t\t\t<\/div>\n\t\t\t\t<\/div>\n\t\t\t\t<div class=\"elementor-element elementor-element-768ac928 animated-fast elementor-invisible elementor-widget elementor-widget-text-editor\" data-id=\"768ac928\" data-element_type=\"widget\" data-e-type=\"widget\" data-settings=\"{&quot;_animation&quot;:&quot;fadeIn&quot;,&quot;_animation_delay&quot;:200}\" data-widget_type=\"text-editor.default\">\n\t\t\t\t<div class=\"elementor-widget-container\">\n\t\t\t\t\t\t\t\t\t<p class=\"wsite-content-title\">Vi i When in Barcelona kan hjelpe deg og arrangere vigsel i Barcelona uansett hvem du gifter deg med, eller hvordan du vil gj\u00f8re det. Vi kan anordne vigsel med norsk prest, en borgelig vigsler eller en Rabbiner. Vi har tidligere anordnet bryllup i kirkelig milj\u00f8, p\u00e5 ving\u00e5rd, slott, bondeg\u00e5rd og ute i naturen, b\u00e5de i sentrale Barcelona og rundt omkring i Catalonia. Vi anordner alt fra sm\u00e5 intime bryllup, til st\u00f8rre seremonier og bryllupsfester med over 300 gjester. Vi legger stor vekt p\u00e5 detaljer, og den ansvarlige hos oss f\u00f8lger dere fra f\u00f8rste kontakt til dere sitter p\u00e5 flyet hjem. Vi kan ogs\u00e5 stille med utdrikningslag, h\u00e5r og sminke, fotograf, transport, middager, og andre aktiviteter under feiringen. For hjelp til \u00e5 arrangere deres bryllup i Barcelona kontakt oss\u00a0<u><a href=\"mailto:ida@wheninbarcelona.com\">her<\/a><\/u><\/p>\t\t\t\t\t\t\t\t<\/div>\n\t\t\t\t<\/div>\n\t\t\t\t<div class=\"elementor-element elementor-element-1955ed89 elementor-widget elementor-widget-gallery\" data-id=\"1955ed89\" data-element_type=\"widget\" data-e-type=\"widget\" data-settings=\"{&quot;gallery_layout&quot;:&quot;masonry&quot;,&quot;columns&quot;:2,&quot;lazyload&quot;:&quot;yes&quot;,&quot;columns_tablet&quot;:2,&quot;columns_mobile&quot;:1,&quot;gap&quot;:{&quot;unit&quot;:&quot;px&quot;,&quot;size&quot;:10,&quot;sizes&quot;:[]},&quot;gap_tablet&quot;:{&quot;unit&quot;:&quot;px&quot;,&quot;size&quot;:10,&quot;sizes&quot;:[]},&quot;gap_mobile&quot;:{&quot;unit&quot;:&quot;px&quot;,&quot;size&quot;:10,&quot;sizes&quot;:[]},&quot;link_to&quot;:&quot;file&quot;,&quot;overlay_background&quot;:&quot;yes&quot;,&quot;content_hover_animation&quot;:&quot;fade-in&quot;}\" data-widget_type=\"gallery.default\">\n\t\t\t\t<div class=\"elementor-widget-container\">\n\t\t\t\t\t\t\t<div class=\"elementor-gallery__container\">\n\t\t\t\t\t\t\t<a class=\"e-gallery-item elementor-gallery-item elementor-animated-content\" href=\"https:\/\/wheninbarcelona.adrirodrigoa1.es\/wp-content\/uploads\/2025\/09\/siljeandale_1_orig.webp\" data-elementor-open-lightbox=\"yes\" data-elementor-lightbox-slideshow=\"1955ed89\" data-elementor-lightbox-title=\"siljeandale_1_orig\" data-e-action-hash=\"#elementor-action%3Aaction%3Dlightbox%26settings%3DeyJpZCI6Mjg5LCJ1cmwiOiJodHRwczpcL1wvd2hlbmluYmFyY2Vsb25hLmFkcmlyb2RyaWdvYTEuZXNcL3dwLWNvbnRlbnRcL3VwbG9hZHNcLzIwMjVcLzA5XC9zaWxqZWFuZGFsZV8xX29yaWcud2VicCIsInNsaWRlc2hvdyI6IjE5NTVlZDg5In0%3D\">\n\t\t\t\t\t<div class=\"e-gallery-image elementor-gallery-item__image\" data-thumbnail=\"https:\/\/wheninbarcelona.adrirodrigoa1.es\/wp-content\/uploads\/2025\/09\/siljeandale_1_orig-1024x678.webp\" data-width=\"800\" data-height=\"530\" aria-label=\"\" role=\"img\" ><\/div>\n\t\t\t\t\t\t\t\t\t\t\t<div class=\"elementor-gallery-item__overlay\"><\/div>\n\t\t\t\t\t\t\t\t\t\t\t\t\t\t<\/a>\n\t\t\t\t\t\t\t<a class=\"e-gallery-item elementor-gallery-item elementor-animated-content\" href=\"https:\/\/wheninbarcelona.adrirodrigoa1.es\/wp-content\/uploads\/2025\/09\/wedding-b-w-018_2_orig.webp\" data-elementor-open-lightbox=\"yes\" data-elementor-lightbox-slideshow=\"1955ed89\" data-elementor-lightbox-title=\"wedding-b-w-018_2_orig\" data-e-action-hash=\"#elementor-action%3Aaction%3Dlightbox%26settings%3DeyJpZCI6MjkwLCJ1cmwiOiJodHRwczpcL1wvd2hlbmluYmFyY2Vsb25hLmFkcmlyb2RyaWdvYTEuZXNcL3dwLWNvbnRlbnRcL3VwbG9hZHNcLzIwMjVcLzA5XC93ZWRkaW5nLWItdy0wMThfMl9vcmlnLndlYnAiLCJzbGlkZXNob3ciOiIxOTU1ZWQ4OSJ9\">\n\t\t\t\t\t<div class=\"e-gallery-image elementor-gallery-item__image\" data-thumbnail=\"https:\/\/wheninbarcelona.adrirodrigoa1.es\/wp-content\/uploads\/2025\/09\/wedding-b-w-018_2_orig-1024x682.webp\" data-width=\"800\" data-height=\"533\" aria-label=\"\" role=\"img\" ><\/div>\n\t\t\t\t\t\t\t\t\t\t\t<div class=\"elementor-gallery-item__overlay\"><\/div>\n\t\t\t\t\t\t\t\t\t\t\t\t\t\t<\/a>\n\t\t\t\t\t\t\t<a class=\"e-gallery-item elementor-gallery-item elementor-animated-content\" href=\"https:\/\/wheninbarcelona.adrirodrigoa1.es\/wp-content\/uploads\/2025\/09\/wedding-colour-009-kopia_2_orig.webp\" data-elementor-open-lightbox=\"yes\" data-elementor-lightbox-slideshow=\"1955ed89\" data-elementor-lightbox-title=\"wedding-colour-009-kopia_2_orig\" data-e-action-hash=\"#elementor-action%3Aaction%3Dlightbox%26settings%3DeyJpZCI6MjkxLCJ1cmwiOiJodHRwczpcL1wvd2hlbmluYmFyY2Vsb25hLmFkcmlyb2RyaWdvYTEuZXNcL3dwLWNvbnRlbnRcL3VwbG9hZHNcLzIwMjVcLzA5XC93ZWRkaW5nLWNvbG91ci0wMDkta29waWFfMl9vcmlnLndlYnAiLCJzbGlkZXNob3ciOiIxOTU1ZWQ4OSJ9\">\n\t\t\t\t\t<div class=\"e-gallery-image elementor-gallery-item__image\" data-thumbnail=\"https:\/\/wheninbarcelona.adrirodrigoa1.es\/wp-content\/uploads\/2025\/09\/wedding-colour-009-kopia_2_orig-1024x682.webp\" data-width=\"800\" data-height=\"533\" aria-label=\"\" role=\"img\" ><\/div>\n\t\t\t\t\t\t\t\t\t\t\t<div class=\"elementor-gallery-item__overlay\"><\/div>\n\t\t\t\t\t\t\t\t\t\t\t\t\t\t<\/a>\n\t\t\t\t\t\t\t<a class=\"e-gallery-item elementor-gallery-item elementor-animated-content\" href=\"https:\/\/wheninbarcelona.adrirodrigoa1.es\/wp-content\/uploads\/2025\/09\/alewithflower_1_orig.webp\" data-elementor-open-lightbox=\"yes\" data-elementor-lightbox-slideshow=\"1955ed89\" data-elementor-lightbox-title=\"alewithflower_1_orig\" data-e-action-hash=\"#elementor-action%3Aaction%3Dlightbox%26settings%3DeyJpZCI6MjkyLCJ1cmwiOiJodHRwczpcL1wvd2hlbmluYmFyY2Vsb25hLmFkcmlyb2RyaWdvYTEuZXNcL3dwLWNvbnRlbnRcL3VwbG9hZHNcLzIwMjVcLzA5XC9hbGV3aXRoZmxvd2VyXzFfb3JpZy53ZWJwIiwic2xpZGVzaG93IjoiMTk1NWVkODkifQ%3D%3D\">\n\t\t\t\t\t<div class=\"e-gallery-image elementor-gallery-item__image\" data-thumbnail=\"https:\/\/wheninbarcelona.adrirodrigoa1.es\/wp-content\/uploads\/2025\/09\/alewithflower_1_orig-1024x678.webp\" data-width=\"800\" data-height=\"530\" aria-label=\"\" role=\"img\" ><\/div>\n\t\t\t\t\t\t\t\t\t\t\t<div class=\"elementor-gallery-item__overlay\"><\/div>\n\t\t\t\t\t\t\t\t\t\t\t\t\t\t<\/a>\n\t\t\t\t\t\t\t<a class=\"e-gallery-item elementor-gallery-item elementor-animated-content\" href=\"https:\/\/wheninbarcelona.adrirodrigoa1.es\/wp-content\/uploads\/2025\/09\/seremoni_1_orig.webp\" data-elementor-open-lightbox=\"yes\" data-elementor-lightbox-slideshow=\"1955ed89\" data-elementor-lightbox-title=\"seremoni_1_orig\" data-e-action-hash=\"#elementor-action%3Aaction%3Dlightbox%26settings%3DeyJpZCI6MjkzLCJ1cmwiOiJodHRwczpcL1wvd2hlbmluYmFyY2Vsb25hLmFkcmlyb2RyaWdvYTEuZXNcL3dwLWNvbnRlbnRcL3VwbG9hZHNcLzIwMjVcLzA5XC9zZXJlbW9uaV8xX29yaWcud2VicCIsInNsaWRlc2hvdyI6IjE5NTVlZDg5In0%3D\">\n\t\t\t\t\t<div class=\"e-gallery-image elementor-gallery-item__image\" data-thumbnail=\"https:\/\/wheninbarcelona.adrirodrigoa1.es\/wp-content\/uploads\/2025\/09\/seremoni_1_orig-1024x678.webp\" data-width=\"800\" data-height=\"530\" aria-label=\"\" role=\"img\" ><\/div>\n\t\t\t\t\t\t\t\t\t\t\t<div class=\"elementor-gallery-item__overlay\"><\/div>\n\t\t\t\t\t\t\t\t\t\t\t\t\t\t<\/a>\n\t\t\t\t\t\t\t<a class=\"e-gallery-item elementor-gallery-item elementor-animated-content\" href=\"https:\/\/wheninbarcelona.adrirodrigoa1.es\/wp-content\/uploads\/2025\/09\/wedding-colour-039_4_orig.webp\" data-elementor-open-lightbox=\"yes\" data-elementor-lightbox-slideshow=\"1955ed89\" data-elementor-lightbox-title=\"wedding-colour-039_4_orig\" data-e-action-hash=\"#elementor-action%3Aaction%3Dlightbox%26settings%3DeyJpZCI6MjczLCJ1cmwiOiJodHRwczpcL1wvd2hlbmluYmFyY2Vsb25hLmFkcmlyb2RyaWdvYTEuZXNcL3dwLWNvbnRlbnRcL3VwbG9hZHNcLzIwMjVcLzA5XC93ZWRkaW5nLWNvbG91ci0wMzlfNF9vcmlnLndlYnAiLCJzbGlkZXNob3ciOiIxOTU1ZWQ4OSJ9\">\n\t\t\t\t\t<div class=\"e-gallery-image elementor-gallery-item__image\" data-thumbnail=\"https:\/\/wheninbarcelona.adrirodrigoa1.es\/wp-content\/uploads\/2025\/09\/wedding-colour-039_4_orig.webp\" data-width=\"533\" data-height=\"800\" aria-label=\"\" role=\"img\" ><\/div>\n\t\t\t\t\t\t\t\t\t\t\t<div class=\"elementor-gallery-item__overlay\"><\/div>\n\t\t\t\t\t\t\t\t\t\t\t\t\t\t<\/a>\n\t\t\t\t\t<\/div>\n\t\t\t\t\t<\/div>\n\t\t\t\t<\/div>\n\t\t\t\t\t<\/div>\n\t\t\t\t<\/div>\n\t\t\t\t<\/div>","protected":false},"excerpt":{"rendered":"<p>BRYLLUP I BARCELONA KONTAKT \/ Din nyckel till Barcelonas dolda skatter \/ Boutiqueupplevelser n\u00e4ra det lokala livet \/ Mer \u00e4n turism \u2013 uppt\u00e4ck Barcelonas sj\u00e4l \/ Din nyckel till Barcelonas dolda skatter \/ Boutiqueupplevelser n\u00e4ra det lokala livet \/ Mer \u00e4n turism \u2013 uppt\u00e4ck Barcelonas sj\u00e4l BRYLLUP I BARCELONA Vi i When in Barcelona kan [&hellip;]<\/p>\n","protected":false},"author":7,"featured_media":0,"parent":45,"menu_order":0,"comment_status":"closed","ping_status":"closed","template":"","meta":{"footnotes":""},"class_list":["post-66","page","type-page","status-publish","hentry"],"yoast_head":"<!-- This site is optimized with the Yoast SEO plugin v27.4 - https:\/\/yoast.com\/product\/yoast-seo-wordpress\/ -->\n<title>BRYLLUP - Upplev det \u00e4kta Barcelona<\/title>\n<meta name=\"robots\" content=\"noindex, follow, max-snippet:-1, max-image-preview:large, max-video-preview:-1\" \/>\n<meta property=\"og:locale\" content=\"nn_NO\" \/>\n<meta property=\"og:type\" content=\"article\" \/>\n<meta property=\"og:title\" content=\"BRYLLUP - Upplev det \u00e4kta Barcelona\" \/>\n<meta property=\"og:description\" content=\"BRYLLUP I BARCELONA KONTAKT \/ Din nyckel till Barcelonas dolda skatter \/ Boutiqueupplevelser n\u00e4ra det lokala livet \/ Mer \u00e4n turism \u2013 uppt\u00e4ck Barcelonas sj\u00e4l \/ Din nyckel till Barcelonas dolda skatter \/ Boutiqueupplevelser n\u00e4ra det lokala livet \/ Mer \u00e4n turism \u2013 uppt\u00e4ck Barcelonas sj\u00e4l BRYLLUP I BARCELONA Vi i When in Barcelona kan [&hellip;]\" \/>\n<meta property=\"og:url\" content=\"https:\/\/wheninbarcelona.adrirodrigoa1.es\/nn\/event\/bryllup\/\" \/>\n<meta property=\"og:site_name\" content=\"Upplev det \u00e4kta Barcelona\" \/>\n<meta property=\"article:modified_time\" content=\"2025-09-10T17:34:48+00:00\" \/>\n<meta name=\"twitter:card\" content=\"summary_large_image\" \/>\n<meta name=\"twitter:label1\" content=\"Est. reading time\" \/>\n\t<meta name=\"twitter:data1\" content=\"1 minutt\" \/>\n<script type=\"application\/ld+json\" class=\"yoast-schema-graph\">{\"@context\":\"https:\\\/\\\/schema.org\",\"@graph\":[{\"@type\":\"WebPage\",\"@id\":\"https:\\\/\\\/wheninbarcelona.adrirodrigoa1.es\\\/event\\\/bryllup\\\/\",\"url\":\"https:\\\/\\\/wheninbarcelona.adrirodrigoa1.es\\\/event\\\/bryllup\\\/\",\"name\":\"BRYLLUP - Upplev det \u00e4kta Barcelona\",\"isPartOf\":{\"@id\":\"https:\\\/\\\/wheninbarcelona.adrirodrigoa1.es\\\/#website\"},\"datePublished\":\"2025-09-02T07:15:18+00:00\",\"dateModified\":\"2025-09-10T17:34:48+00:00\",\"breadcrumb\":{\"@id\":\"https:\\\/\\\/wheninbarcelona.adrirodrigoa1.es\\\/event\\\/bryllup\\\/#breadcrumb\"},\"inLanguage\":\"nn-NO\",\"potentialAction\":[{\"@type\":\"ReadAction\",\"target\":[\"https:\\\/\\\/wheninbarcelona.adrirodrigoa1.es\\\/event\\\/bryllup\\\/\"]}]},{\"@type\":\"BreadcrumbList\",\"@id\":\"https:\\\/\\\/wheninbarcelona.adrirodrigoa1.es\\\/event\\\/bryllup\\\/#breadcrumb\",\"itemListElement\":[{\"@type\":\"ListItem\",\"position\":1,\"name\":\"Portada\",\"item\":\"https:\\\/\\\/wheninbarcelona.adrirodrigoa1.es\\\/\"},{\"@type\":\"ListItem\",\"position\":2,\"name\":\"Event\",\"item\":\"https:\\\/\\\/wheninbarcelona.adrirodrigoa1.es\\\/event\\\/\"},{\"@type\":\"ListItem\",\"position\":3,\"name\":\"BRYLLUP\"}]},{\"@type\":\"WebSite\",\"@id\":\"https:\\\/\\\/wheninbarcelona.adrirodrigoa1.es\\\/#website\",\"url\":\"https:\\\/\\\/wheninbarcelona.adrirodrigoa1.es\\\/\",\"name\":\"Upplev det \u00e4kta Barcelona\",\"description\":\"\",\"publisher\":{\"@id\":\"https:\\\/\\\/wheninbarcelona.adrirodrigoa1.es\\\/#organization\"},\"potentialAction\":[{\"@type\":\"SearchAction\",\"target\":{\"@type\":\"EntryPoint\",\"urlTemplate\":\"https:\\\/\\\/wheninbarcelona.adrirodrigoa1.es\\\/?s={search_term_string}\"},\"query-input\":{\"@type\":\"PropertyValueSpecification\",\"valueRequired\":true,\"valueName\":\"search_term_string\"}}],\"inLanguage\":\"nn-NO\"},{\"@type\":\"Organization\",\"@id\":\"https:\\\/\\\/wheninbarcelona.adrirodrigoa1.es\\\/#organization\",\"name\":\"Upplev det \u00e4kta Barcelona\",\"url\":\"https:\\\/\\\/wheninbarcelona.adrirodrigoa1.es\\\/\",\"logo\":{\"@type\":\"ImageObject\",\"inLanguage\":\"nn-NO\",\"@id\":\"https:\\\/\\\/wheninbarcelona.adrirodrigoa1.es\\\/#\\\/schema\\\/logo\\\/image\\\/\",\"url\":\"https:\\\/\\\/wheninbarcelona.adrirodrigoa1.es\\\/wp-content\\\/uploads\\\/2025\\\/09\\\/primery-transparent-logo.webp\",\"contentUrl\":\"https:\\\/\\\/wheninbarcelona.adrirodrigoa1.es\\\/wp-content\\\/uploads\\\/2025\\\/09\\\/primery-transparent-logo.webp\",\"width\":998,\"height\":253,\"caption\":\"Upplev det \u00e4kta Barcelona\"},\"image\":{\"@id\":\"https:\\\/\\\/wheninbarcelona.adrirodrigoa1.es\\\/#\\\/schema\\\/logo\\\/image\\\/\"}}]}<\/script>\n<!-- \/ Yoast SEO plugin. -->","yoast_head_json":{"title":"BRYLLUP - Upplev det \u00e4kta Barcelona","robots":{"index":"noindex","follow":"follow","max-snippet":"max-snippet:-1","max-image-preview":"max-image-preview:large","max-video-preview":"max-video-preview:-1"},"og_locale":"nn_NO","og_type":"article","og_title":"BRYLLUP - Upplev det \u00e4kta Barcelona","og_description":"BRYLLUP I BARCELONA KONTAKT \/ Din nyckel till Barcelonas dolda skatter \/ Boutiqueupplevelser n\u00e4ra det lokala livet \/ Mer \u00e4n turism \u2013 uppt\u00e4ck Barcelonas sj\u00e4l \/ Din nyckel till Barcelonas dolda skatter \/ Boutiqueupplevelser n\u00e4ra det lokala livet \/ Mer \u00e4n turism \u2013 uppt\u00e4ck Barcelonas sj\u00e4l BRYLLUP I BARCELONA Vi i When in Barcelona kan [&hellip;]","og_url":"https:\/\/wheninbarcelona.adrirodrigoa1.es\/nn\/event\/bryllup\/","og_site_name":"Upplev det \u00e4kta Barcelona","article_modified_time":"2025-09-10T17:34:48+00:00","twitter_card":"summary_large_image","twitter_misc":{"Est. reading time":"1 minutt"},"schema":{"@context":"https:\/\/schema.org","@graph":[{"@type":"WebPage","@id":"https:\/\/wheninbarcelona.adrirodrigoa1.es\/event\/bryllup\/","url":"https:\/\/wheninbarcelona.adrirodrigoa1.es\/event\/bryllup\/","name":"BRYLLUP - Upplev det \u00e4kta Barcelona","isPartOf":{"@id":"https:\/\/wheninbarcelona.adrirodrigoa1.es\/#website"},"datePublished":"2025-09-02T07:15:18+00:00","dateModified":"2025-09-10T17:34:48+00:00","breadcrumb":{"@id":"https:\/\/wheninbarcelona.adrirodrigoa1.es\/event\/bryllup\/#breadcrumb"},"inLanguage":"nn-NO","potentialAction":[{"@type":"ReadAction","target":["https:\/\/wheninbarcelona.adrirodrigoa1.es\/event\/bryllup\/"]}]},{"@type":"BreadcrumbList","@id":"https:\/\/wheninbarcelona.adrirodrigoa1.es\/event\/bryllup\/#breadcrumb","itemListElement":[{"@type":"ListItem","position":1,"name":"Portada","item":"https:\/\/wheninbarcelona.adrirodrigoa1.es\/"},{"@type":"ListItem","position":2,"name":"Event","item":"https:\/\/wheninbarcelona.adrirodrigoa1.es\/event\/"},{"@type":"ListItem","position":3,"name":"BRYLLUP"}]},{"@type":"WebSite","@id":"https:\/\/wheninbarcelona.adrirodrigoa1.es\/#website","url":"https:\/\/wheninbarcelona.adrirodrigoa1.es\/","name":"Upplev det \u00e4kta Barcelona","description":"","publisher":{"@id":"https:\/\/wheninbarcelona.adrirodrigoa1.es\/#organization"},"potentialAction":[{"@type":"SearchAction","target":{"@type":"EntryPoint","urlTemplate":"https:\/\/wheninbarcelona.adrirodrigoa1.es\/?s={search_term_string}"},"query-input":{"@type":"PropertyValueSpecification","valueRequired":true,"valueName":"search_term_string"}}],"inLanguage":"nn-NO"},{"@type":"Organization","@id":"https:\/\/wheninbarcelona.adrirodrigoa1.es\/#organization","name":"Upplev det \u00e4kta Barcelona","url":"https:\/\/wheninbarcelona.adrirodrigoa1.es\/","logo":{"@type":"ImageObject","inLanguage":"nn-NO","@id":"https:\/\/wheninbarcelona.adrirodrigoa1.es\/#\/schema\/logo\/image\/","url":"https:\/\/wheninbarcelona.adrirodrigoa1.es\/wp-content\/uploads\/2025\/09\/primery-transparent-logo.webp","contentUrl":"https:\/\/wheninbarcelona.adrirodrigoa1.es\/wp-content\/uploads\/2025\/09\/primery-transparent-logo.webp","width":998,"height":253,"caption":"Upplev det \u00e4kta Barcelona"},"image":{"@id":"https:\/\/wheninbarcelona.adrirodrigoa1.es\/#\/schema\/logo\/image\/"}}]}},"_links":{"self":[{"href":"https:\/\/wheninbarcelona.adrirodrigoa1.es\/nn\/wp-json\/wp\/v2\/pages\/66","targetHints":{"allow":["GET"]}}],"collection":[{"href":"https:\/\/wheninbarcelona.adrirodrigoa1.es\/nn\/wp-json\/wp\/v2\/pages"}],"about":[{"href":"https:\/\/wheninbarcelona.adrirodrigoa1.es\/nn\/wp-json\/wp\/v2\/types\/page"}],"author":[{"embeddable":true,"href":"https:\/\/wheninbarcelona.adrirodrigoa1.es\/nn\/wp-json\/wp\/v2\/users\/7"}],"replies":[{"embeddable":true,"href":"https:\/\/wheninbarcelona.adrirodrigoa1.es\/nn\/wp-json\/wp\/v2\/comments?post=66"}],"version-history":[{"count":13,"href":"https:\/\/wheninbarcelona.adrirodrigoa1.es\/nn\/wp-json\/wp\/v2\/pages\/66\/revisions"}],"predecessor-version":[{"id":552,"href":"https:\/\/wheninbarcelona.adrirodrigoa1.es\/nn\/wp-json\/wp\/v2\/pages\/66\/revisions\/552"}],"up":[{"embeddable":true,"href":"https:\/\/wheninbarcelona.adrirodrigoa1.es\/nn\/wp-json\/wp\/v2\/pages\/45"}],"wp:attachment":[{"href":"https:\/\/wheninbarcelona.adrirodrigoa1.es\/nn\/wp-json\/wp\/v2\/media?parent=66"}],"curies":[{"name":"wp","href":"https:\/\/api.w.org\/{rel}","templated":true}]}}